{"id":45368,"date":"2020-08-11T09:52:29","date_gmt":"2020-08-11T06:52:29","guid":{"rendered":"https:\/\/www.keradur.fi\/hemstadning\/foretag\/usein-kysyttya\/"},"modified":"2022-10-19T16:28:10","modified_gmt":"2022-10-19T13:28:10","slug":"fragor-och-svar","status":"publish","type":"page","link":"https:\/\/www.keradur.fi\/sv\/hemstadning\/foretag\/fragor-och-svar\/","title":{"rendered":"Fr\u00e5gor och svar"},"content":{"rendered":"","protected":false},"excerpt":{"rendered":"","protected":false},"author":12,"featured_media":0,"parent":45309,"menu_order":0,"comment_status":"closed","ping_status":"closed","template":"","meta":{"_acf_changed":false,"footnotes":""},"class_list":["post-45368","page","type-page","status-publish","hentry"],"acf":[],"yoast_head":"<!-- This site is optimized with the Yoast SEO Premium plugin v16.1 - https:\/\/yoast.com\/wordpress\/plugins\/seo\/ -->\n<title>Usein kysytty\u00e4 | Vastaukset yleisimpiin kysymyksiin | Keradur kotisiivous<\/title>\n<meta name=\"description\" content=\"Olemme koonneet alle listan usein kysytyist\u00e4 kysymyksist\u00e4. Mik\u00e4li et l\u00f6yd\u00e4 vastausta sinua askarruttavaan kysymykseen, ota rohkeasti yhteytt\u00e4.\" \/>\n<link rel=\"canonical\" href=\"https:\/\/www.keradur.fi\/sv\/hemstadning\/foretag\/fragor-och-svar\/\" \/>\n<meta property=\"og:locale\" content=\"sv_SE\" \/>\n<meta property=\"og:type\" content=\"article\" \/>\n<meta property=\"og:title\" content=\"Usein kysytty\u00e4 | Vastaukset yleisimpiin kysymyksiin | Keradur kotisiivous\" \/>\n<meta property=\"og:description\" content=\"Olemme koonneet alle listan usein kysytyist\u00e4 kysymyksist\u00e4. Mik\u00e4li et l\u00f6yd\u00e4 vastausta sinua askarruttavaan kysymykseen, ota rohkeasti yhteytt\u00e4.\" \/>\n<meta property=\"og:url\" content=\"https:\/\/www.keradur.fi\/sv\/hemstadning\/foretag\/fragor-och-svar\/\" \/>\n<meta property=\"og:site_name\" content=\"Keradur\" \/>\n<meta property=\"article:modified_time\" content=\"2022-10-19T13:28:10+00:00\" \/>\n<meta property=\"og:image\" content=\"https:\/\/www.keradur.fi\/app\/uploads\/2019\/02\/taloyhtiot_hero.jpg\" \/>\n\t<meta property=\"og:image:width\" content=\"2422\" \/>\n\t<meta property=\"og:image:height\" content=\"1016\" \/>\n<meta name=\"twitter:card\" content=\"summary_large_image\" \/>\n<script type=\"application\/ld+json\" class=\"yoast-schema-graph\">{\"@context\":\"https:\/\/schema.org\",\"@graph\":[{\"@type\":\"WebSite\",\"@id\":\"https:\/\/www.keradur.fi\/#website\",\"url\":\"https:\/\/www.keradur.fi\/\",\"name\":\"Keradur\",\"description\":\"Laadukasta siivouspalvelua vuodesta 1995\",\"potentialAction\":[{\"@type\":\"SearchAction\",\"target\":\"https:\/\/www.keradur.fi\/?s={search_term_string}\",\"query-input\":\"required name=search_term_string\"}],\"inLanguage\":\"sv-SE\"},{\"@type\":\"ImageObject\",\"@id\":\"https:\/\/www.keradur.fi\/sv\/hemstadning\/foretag\/fragor-och-svar\/#primaryimage\",\"inLanguage\":\"sv-SE\",\"url\":\"https:\/\/www.keradur.fi\/app\/uploads\/2019\/02\/taloyhtiot_hero.jpg\",\"contentUrl\":\"https:\/\/www.keradur.fi\/app\/uploads\/2019\/02\/taloyhtiot_hero.jpg\",\"width\":2422,\"height\":1016},{\"@type\":\"WebPage\",\"@id\":\"https:\/\/www.keradur.fi\/sv\/hemstadning\/foretag\/fragor-och-svar\/#webpage\",\"url\":\"https:\/\/www.keradur.fi\/sv\/hemstadning\/foretag\/fragor-och-svar\/\",\"name\":\"Usein kysytty\\u00e4 | Vastaukset yleisimpiin kysymyksiin | Keradur kotisiivous\",\"isPartOf\":{\"@id\":\"https:\/\/www.keradur.fi\/#website\"},\"primaryImageOfPage\":{\"@id\":\"https:\/\/www.keradur.fi\/sv\/hemstadning\/foretag\/fragor-och-svar\/#primaryimage\"},\"datePublished\":\"2020-08-11T06:52:29+00:00\",\"dateModified\":\"2022-10-19T13:28:10+00:00\",\"description\":\"Olemme koonneet alle listan usein kysytyist\\u00e4 kysymyksist\\u00e4. Mik\\u00e4li et l\\u00f6yd\\u00e4 vastausta sinua askarruttavaan kysymykseen, ota rohkeasti yhteytt\\u00e4.\",\"breadcrumb\":{\"@id\":\"https:\/\/www.keradur.fi\/sv\/hemstadning\/foretag\/fragor-och-svar\/#breadcrumb\"},\"inLanguage\":\"sv-SE\",\"potentialAction\":[{\"@type\":\"ReadAction\",\"target\":[\"https:\/\/www.keradur.fi\/sv\/hemstadning\/foretag\/fragor-och-svar\/\"]}]},{\"@type\":\"BreadcrumbList\",\"@id\":\"https:\/\/www.keradur.fi\/sv\/hemstadning\/foretag\/fragor-och-svar\/#breadcrumb\",\"itemListElement\":[{\"@type\":\"ListItem\",\"position\":1,\"item\":{\"@type\":\"WebPage\",\"@id\":\"https:\/\/www.keradur.fi\/sv\/\",\"url\":\"https:\/\/www.keradur.fi\/sv\/\",\"name\":\"Home\"}},{\"@type\":\"ListItem\",\"position\":2,\"item\":{\"@type\":\"WebPage\",\"@id\":\"https:\/\/www.keradur.fi\/sv\/hemstadning\/\",\"url\":\"https:\/\/www.keradur.fi\/sv\/hemstadning\/\",\"name\":\"Hemst\\u00e4dning\"}},{\"@type\":\"ListItem\",\"position\":3,\"item\":{\"@type\":\"WebPage\",\"@id\":\"https:\/\/www.keradur.fi\/sv\/hemstadning\/foretag\/\",\"url\":\"https:\/\/www.keradur.fi\/sv\/hemstadning\/foretag\/\",\"name\":\"F\\u00f6retag\"}},{\"@type\":\"ListItem\",\"position\":4,\"item\":{\"@type\":\"WebPage\",\"@id\":\"https:\/\/www.keradur.fi\/sv\/hemstadning\/foretag\/fragor-och-svar\/\",\"url\":\"https:\/\/www.keradur.fi\/sv\/hemstadning\/foretag\/fragor-och-svar\/\",\"name\":\"Fr\\u00e5gor och svar\"}}]}]}<\/script>\n<!-- \/ Yoast SEO Premium plugin. -->","_links":{"self":[{"href":"https:\/\/www.keradur.fi\/sv\/wp-json\/wp\/v2\/pages\/45368","targetHints":{"allow":["GET"]}}],"collection":[{"href":"https:\/\/www.keradur.fi\/sv\/wp-json\/wp\/v2\/pages"}],"about":[{"href":"https:\/\/www.keradur.fi\/sv\/wp-json\/wp\/v2\/types\/page"}],"author":[{"embeddable":true,"href":"https:\/\/www.keradur.fi\/sv\/wp-json\/wp\/v2\/users\/12"}],"replies":[{"embeddable":true,"href":"https:\/\/www.keradur.fi\/sv\/wp-json\/wp\/v2\/comments?post=45368"}],"version-history":[{"count":2,"href":"https:\/\/www.keradur.fi\/sv\/wp-json\/wp\/v2\/pages\/45368\/revisions"}],"predecessor-version":[{"id":45370,"href":"https:\/\/www.keradur.fi\/sv\/wp-json\/wp\/v2\/pages\/45368\/revisions\/45370"}],"up":[{"embeddable":true,"href":"https:\/\/www.keradur.fi\/sv\/wp-json\/wp\/v2\/pages\/45309"}],"wp:attachment":[{"href":"https:\/\/www.keradur.fi\/sv\/wp-json\/wp\/v2\/media?parent=45368"}],"curies":[{"name":"wp","href":"https:\/\/api.w.org\/{rel}","templated":true}]}}