{"id":45360,"date":"2020-08-11T09:52:29","date_gmt":"2020-08-11T06:52:29","guid":{"rendered":"https:\/\/www.keradur.fi\/hemstadning\/foretag\/kotitalousvahennys\/"},"modified":"2022-10-19T16:17:33","modified_gmt":"2022-10-19T13:17:33","slug":"hushallsavdrag","status":"publish","type":"page","link":"https:\/\/www.keradur.fi\/sv\/hemstadning\/foretag\/hushallsavdrag\/","title":{"rendered":"Hush\u00e5llsavdrag"},"content":{"rendered":"","protected":false},"excerpt":{"rendered":"","protected":false},"author":12,"featured_media":0,"parent":45309,"menu_order":0,"comment_status":"closed","ping_status":"closed","template":"","meta":{"_acf_changed":false,"footnotes":""},"class_list":["post-45360","page","type-page","status-publish","hentry"],"acf":[],"yoast_head":"<!-- This site is optimized with the Yoast SEO Premium plugin v16.1 - https:\/\/yoast.com\/wordpress\/plugins\/seo\/ -->\n<title>Kotitalousv\u00e4hennys | Helpotusta veroihin | Keradur kotisiivous<\/title>\n<meta name=\"description\" content=\"T\u00e4lt\u00e4 sivulta voi lukea tiivistettyn\u00e4, mik\u00e4 on kotitalousv\u00e4hennys. Olet oikeutettu hakemaan kotitalousv\u00e4hennyst\u00e4, jos tilaat kotiisi mm. siivouspalveluita.\" \/>\n<link rel=\"canonical\" href=\"https:\/\/www.keradur.fi\/sv\/hemstadning\/foretag\/hushallsavdrag\/\" \/>\n<meta property=\"og:locale\" content=\"sv_SE\" \/>\n<meta property=\"og:type\" content=\"article\" \/>\n<meta property=\"og:title\" content=\"Kotitalousv\u00e4hennys | Helpotusta veroihin | Keradur kotisiivous\" \/>\n<meta property=\"og:description\" content=\"T\u00e4lt\u00e4 sivulta voi lukea tiivistettyn\u00e4, mik\u00e4 on kotitalousv\u00e4hennys. Olet oikeutettu hakemaan kotitalousv\u00e4hennyst\u00e4, jos tilaat kotiisi mm. siivouspalveluita.\" \/>\n<meta property=\"og:url\" content=\"https:\/\/www.keradur.fi\/sv\/hemstadning\/foretag\/hushallsavdrag\/\" \/>\n<meta property=\"og:site_name\" content=\"Keradur\" \/>\n<meta property=\"article:modified_time\" content=\"2022-10-19T13:17:33+00:00\" \/>\n<meta property=\"og:image\" content=\"https:\/\/www.keradur.fi\/app\/uploads\/2019\/02\/taloyhtiot_hero.jpg\" \/>\n\t<meta property=\"og:image:width\" content=\"2422\" \/>\n\t<meta property=\"og:image:height\" content=\"1016\" \/>\n<meta name=\"twitter:card\" content=\"summary_large_image\" \/>\n<script type=\"application\/ld+json\" class=\"yoast-schema-graph\">{\"@context\":\"https:\/\/schema.org\",\"@graph\":[{\"@type\":\"WebSite\",\"@id\":\"https:\/\/www.keradur.fi\/#website\",\"url\":\"https:\/\/www.keradur.fi\/\",\"name\":\"Keradur\",\"description\":\"Laadukasta siivouspalvelua vuodesta 1995\",\"potentialAction\":[{\"@type\":\"SearchAction\",\"target\":\"https:\/\/www.keradur.fi\/?s={search_term_string}\",\"query-input\":\"required name=search_term_string\"}],\"inLanguage\":\"sv-SE\"},{\"@type\":\"ImageObject\",\"@id\":\"https:\/\/www.keradur.fi\/sv\/hemstadning\/foretag\/hushallsavdrag\/#primaryimage\",\"inLanguage\":\"sv-SE\",\"url\":\"https:\/\/www.keradur.fi\/app\/uploads\/2019\/02\/taloyhtiot_hero.jpg\",\"contentUrl\":\"https:\/\/www.keradur.fi\/app\/uploads\/2019\/02\/taloyhtiot_hero.jpg\",\"width\":2422,\"height\":1016},{\"@type\":\"WebPage\",\"@id\":\"https:\/\/www.keradur.fi\/sv\/hemstadning\/foretag\/hushallsavdrag\/#webpage\",\"url\":\"https:\/\/www.keradur.fi\/sv\/hemstadning\/foretag\/hushallsavdrag\/\",\"name\":\"Kotitalousv\\u00e4hennys | Helpotusta veroihin | Keradur kotisiivous\",\"isPartOf\":{\"@id\":\"https:\/\/www.keradur.fi\/#website\"},\"primaryImageOfPage\":{\"@id\":\"https:\/\/www.keradur.fi\/sv\/hemstadning\/foretag\/hushallsavdrag\/#primaryimage\"},\"datePublished\":\"2020-08-11T06:52:29+00:00\",\"dateModified\":\"2022-10-19T13:17:33+00:00\",\"description\":\"T\\u00e4lt\\u00e4 sivulta voi lukea tiivistettyn\\u00e4, mik\\u00e4 on kotitalousv\\u00e4hennys. Olet oikeutettu hakemaan kotitalousv\\u00e4hennyst\\u00e4, jos tilaat kotiisi mm. siivouspalveluita.\",\"breadcrumb\":{\"@id\":\"https:\/\/www.keradur.fi\/sv\/hemstadning\/foretag\/hushallsavdrag\/#breadcrumb\"},\"inLanguage\":\"sv-SE\",\"potentialAction\":[{\"@type\":\"ReadAction\",\"target\":[\"https:\/\/www.keradur.fi\/sv\/hemstadning\/foretag\/hushallsavdrag\/\"]}]},{\"@type\":\"BreadcrumbList\",\"@id\":\"https:\/\/www.keradur.fi\/sv\/hemstadning\/foretag\/hushallsavdrag\/#breadcrumb\",\"itemListElement\":[{\"@type\":\"ListItem\",\"position\":1,\"item\":{\"@type\":\"WebPage\",\"@id\":\"https:\/\/www.keradur.fi\/sv\/\",\"url\":\"https:\/\/www.keradur.fi\/sv\/\",\"name\":\"Home\"}},{\"@type\":\"ListItem\",\"position\":2,\"item\":{\"@type\":\"WebPage\",\"@id\":\"https:\/\/www.keradur.fi\/sv\/hemstadning\/\",\"url\":\"https:\/\/www.keradur.fi\/sv\/hemstadning\/\",\"name\":\"Hemst\\u00e4dning\"}},{\"@type\":\"ListItem\",\"position\":3,\"item\":{\"@type\":\"WebPage\",\"@id\":\"https:\/\/www.keradur.fi\/sv\/hemstadning\/foretag\/\",\"url\":\"https:\/\/www.keradur.fi\/sv\/hemstadning\/foretag\/\",\"name\":\"F\\u00f6retag\"}},{\"@type\":\"ListItem\",\"position\":4,\"item\":{\"@type\":\"WebPage\",\"@id\":\"https:\/\/www.keradur.fi\/sv\/hemstadning\/foretag\/hushallsavdrag\/\",\"url\":\"https:\/\/www.keradur.fi\/sv\/hemstadning\/foretag\/hushallsavdrag\/\",\"name\":\"Hush\\u00e5llsavdrag\"}}]}]}<\/script>\n<!-- \/ Yoast SEO Premium plugin. -->","_links":{"self":[{"href":"https:\/\/www.keradur.fi\/sv\/wp-json\/wp\/v2\/pages\/45360","targetHints":{"allow":["GET"]}}],"collection":[{"href":"https:\/\/www.keradur.fi\/sv\/wp-json\/wp\/v2\/pages"}],"about":[{"href":"https:\/\/www.keradur.fi\/sv\/wp-json\/wp\/v2\/types\/page"}],"author":[{"embeddable":true,"href":"https:\/\/www.keradur.fi\/sv\/wp-json\/wp\/v2\/users\/12"}],"replies":[{"embeddable":true,"href":"https:\/\/www.keradur.fi\/sv\/wp-json\/wp\/v2\/comments?post=45360"}],"version-history":[{"count":2,"href":"https:\/\/www.keradur.fi\/sv\/wp-json\/wp\/v2\/pages\/45360\/revisions"}],"predecessor-version":[{"id":45362,"href":"https:\/\/www.keradur.fi\/sv\/wp-json\/wp\/v2\/pages\/45360\/revisions\/45362"}],"up":[{"embeddable":true,"href":"https:\/\/www.keradur.fi\/sv\/wp-json\/wp\/v2\/pages\/45309"}],"wp:attachment":[{"href":"https:\/\/www.keradur.fi\/sv\/wp-json\/wp\/v2\/media?parent=45360"}],"curies":[{"name":"wp","href":"https:\/\/api.w.org\/{rel}","templated":true}]}}