{"id":45356,"date":"2020-08-11T09:52:01","date_gmt":"2020-08-11T06:52:01","guid":{"rendered":"https:\/\/www.keradur.fi\/hemstadning\/husbolag-och-block\/taloyhtion-siivous\/"},"modified":"2022-10-19T16:14:22","modified_gmt":"2022-10-19T13:14:22","slug":"stadning-for-husbolag","status":"publish","type":"page","link":"https:\/\/www.keradur.fi\/sv\/hemstadning\/husbolag-och-block\/stadning-for-husbolag\/","title":{"rendered":"St\u00e4dning f\u00f6r husbolag"},"content":{"rendered":"","protected":false},"excerpt":{"rendered":"","protected":false},"author":12,"featured_media":0,"parent":45353,"menu_order":0,"comment_status":"closed","ping_status":"closed","template":"","meta":{"_acf_changed":false,"footnotes":""},"class_list":["post-45356","page","type-page","status-publish","hentry"],"acf":[],"yoast_head":"<!-- This site is optimized with the Yoast SEO Premium plugin v16.1 - https:\/\/yoast.com\/wordpress\/plugins\/seo\/ -->\n<title>Taloyhti\u00f6iden siivous | Vakituinen siivouspartio | Keradur kotisiivous<\/title>\n<meta name=\"description\" content=\"Taloyhti\u00f6si oma vakituinen siivouspartio pit\u00e4\u00e4 asukkaiden kodit ja ymp\u00e4rist\u00f6n viihtyisin\u00e4. Omat vakituiset siivoojat tuntevat taloyhti\u00f6n tarpeet.\" \/>\n<link rel=\"canonical\" href=\"https:\/\/www.keradur.fi\/sv\/hemstadning\/husbolag-och-block\/stadning-for-husbolag\/\" \/>\n<meta property=\"og:locale\" content=\"sv_SE\" \/>\n<meta property=\"og:type\" content=\"article\" \/>\n<meta property=\"og:title\" content=\"Taloyhti\u00f6iden siivous | Vakituinen siivouspartio | Keradur kotisiivous\" \/>\n<meta property=\"og:description\" content=\"Taloyhti\u00f6si oma vakituinen siivouspartio pit\u00e4\u00e4 asukkaiden kodit ja ymp\u00e4rist\u00f6n viihtyisin\u00e4. Omat vakituiset siivoojat tuntevat taloyhti\u00f6n tarpeet.\" \/>\n<meta property=\"og:url\" content=\"https:\/\/www.keradur.fi\/sv\/hemstadning\/husbolag-och-block\/stadning-for-husbolag\/\" \/>\n<meta property=\"og:site_name\" content=\"Keradur\" \/>\n<meta property=\"article:modified_time\" content=\"2022-10-19T13:14:22+00:00\" \/>\n<meta property=\"og:image\" content=\"https:\/\/www.keradur.fi\/app\/uploads\/2019\/02\/taloyhtiot_hero.jpg\" \/>\n\t<meta property=\"og:image:width\" content=\"2422\" \/>\n\t<meta property=\"og:image:height\" content=\"1016\" \/>\n<meta name=\"twitter:card\" content=\"summary_large_image\" \/>\n<script type=\"application\/ld+json\" class=\"yoast-schema-graph\">{\"@context\":\"https:\/\/schema.org\",\"@graph\":[{\"@type\":\"WebSite\",\"@id\":\"https:\/\/www.keradur.fi\/#website\",\"url\":\"https:\/\/www.keradur.fi\/\",\"name\":\"Keradur\",\"description\":\"Laadukasta siivouspalvelua vuodesta 1995\",\"potentialAction\":[{\"@type\":\"SearchAction\",\"target\":\"https:\/\/www.keradur.fi\/?s={search_term_string}\",\"query-input\":\"required name=search_term_string\"}],\"inLanguage\":\"sv-SE\"},{\"@type\":\"ImageObject\",\"@id\":\"https:\/\/www.keradur.fi\/sv\/hemstadning\/husbolag-och-block\/stadning-for-husbolag\/#primaryimage\",\"inLanguage\":\"sv-SE\",\"url\":\"https:\/\/www.keradur.fi\/app\/uploads\/2019\/02\/taloyhtiot_hero.jpg\",\"contentUrl\":\"https:\/\/www.keradur.fi\/app\/uploads\/2019\/02\/taloyhtiot_hero.jpg\",\"width\":2422,\"height\":1016},{\"@type\":\"WebPage\",\"@id\":\"https:\/\/www.keradur.fi\/sv\/hemstadning\/husbolag-och-block\/stadning-for-husbolag\/#webpage\",\"url\":\"https:\/\/www.keradur.fi\/sv\/hemstadning\/husbolag-och-block\/stadning-for-husbolag\/\",\"name\":\"Taloyhti\\u00f6iden siivous | Vakituinen siivouspartio | Keradur kotisiivous\",\"isPartOf\":{\"@id\":\"https:\/\/www.keradur.fi\/#website\"},\"primaryImageOfPage\":{\"@id\":\"https:\/\/www.keradur.fi\/sv\/hemstadning\/husbolag-och-block\/stadning-for-husbolag\/#primaryimage\"},\"datePublished\":\"2020-08-11T06:52:01+00:00\",\"dateModified\":\"2022-10-19T13:14:22+00:00\",\"description\":\"Taloyhti\\u00f6si oma vakituinen siivouspartio pit\\u00e4\\u00e4 asukkaiden kodit ja ymp\\u00e4rist\\u00f6n viihtyisin\\u00e4. Omat vakituiset siivoojat tuntevat taloyhti\\u00f6n tarpeet.\",\"breadcrumb\":{\"@id\":\"https:\/\/www.keradur.fi\/sv\/hemstadning\/husbolag-och-block\/stadning-for-husbolag\/#breadcrumb\"},\"inLanguage\":\"sv-SE\",\"potentialAction\":[{\"@type\":\"ReadAction\",\"target\":[\"https:\/\/www.keradur.fi\/sv\/hemstadning\/husbolag-och-block\/stadning-for-husbolag\/\"]}]},{\"@type\":\"BreadcrumbList\",\"@id\":\"https:\/\/www.keradur.fi\/sv\/hemstadning\/husbolag-och-block\/stadning-for-husbolag\/#breadcrumb\",\"itemListElement\":[{\"@type\":\"ListItem\",\"position\":1,\"item\":{\"@type\":\"WebPage\",\"@id\":\"https:\/\/www.keradur.fi\/sv\/\",\"url\":\"https:\/\/www.keradur.fi\/sv\/\",\"name\":\"Home\"}},{\"@type\":\"ListItem\",\"position\":2,\"item\":{\"@type\":\"WebPage\",\"@id\":\"https:\/\/www.keradur.fi\/sv\/hemstadning\/\",\"url\":\"https:\/\/www.keradur.fi\/sv\/hemstadning\/\",\"name\":\"Hemst\\u00e4dning\"}},{\"@type\":\"ListItem\",\"position\":3,\"item\":{\"@type\":\"WebPage\",\"@id\":\"https:\/\/www.keradur.fi\/sv\/hemstadning\/husbolag-och-block\/\",\"url\":\"https:\/\/www.keradur.fi\/sv\/hemstadning\/husbolag-och-block\/\",\"name\":\"Husbolag och block\"}},{\"@type\":\"ListItem\",\"position\":4,\"item\":{\"@type\":\"WebPage\",\"@id\":\"https:\/\/www.keradur.fi\/sv\/hemstadning\/husbolag-och-block\/stadning-for-husbolag\/\",\"url\":\"https:\/\/www.keradur.fi\/sv\/hemstadning\/husbolag-och-block\/stadning-for-husbolag\/\",\"name\":\"St\\u00e4dning f\\u00f6r husbolag\"}}]}]}<\/script>\n<!-- \/ Yoast SEO Premium plugin. -->","_links":{"self":[{"href":"https:\/\/www.keradur.fi\/sv\/wp-json\/wp\/v2\/pages\/45356","targetHints":{"allow":["GET"]}}],"collection":[{"href":"https:\/\/www.keradur.fi\/sv\/wp-json\/wp\/v2\/pages"}],"about":[{"href":"https:\/\/www.keradur.fi\/sv\/wp-json\/wp\/v2\/types\/page"}],"author":[{"embeddable":true,"href":"https:\/\/www.keradur.fi\/sv\/wp-json\/wp\/v2\/users\/12"}],"replies":[{"embeddable":true,"href":"https:\/\/www.keradur.fi\/sv\/wp-json\/wp\/v2\/comments?post=45356"}],"version-history":[{"count":2,"href":"https:\/\/www.keradur.fi\/sv\/wp-json\/wp\/v2\/pages\/45356\/revisions"}],"predecessor-version":[{"id":45358,"href":"https:\/\/www.keradur.fi\/sv\/wp-json\/wp\/v2\/pages\/45356\/revisions\/45358"}],"up":[{"embeddable":true,"href":"https:\/\/www.keradur.fi\/sv\/wp-json\/wp\/v2\/pages\/45353"}],"wp:attachment":[{"href":"https:\/\/www.keradur.fi\/sv\/wp-json\/wp\/v2\/media?parent=45356"}],"curies":[{"name":"wp","href":"https:\/\/api.w.org\/{rel}","templated":true}]}}