{"id":45338,"date":"2020-08-11T09:51:45","date_gmt":"2020-08-11T06:51:45","guid":{"rendered":"https:\/\/www.keradur.fi\/hemstadning\/tjanster\/muut-kodin-tyot\/"},"modified":"2022-10-19T15:57:34","modified_gmt":"2022-10-19T12:57:34","slug":"ovriga-jobb-i-hemmet","status":"publish","type":"page","link":"https:\/\/www.keradur.fi\/sv\/hemstadning\/tjanster\/ovriga-jobb-i-hemmet\/","title":{"rendered":"\u00d6vriga jobb i hemmet"},"content":{"rendered":"","protected":false},"excerpt":{"rendered":"","protected":false},"author":12,"featured_media":0,"parent":45313,"menu_order":0,"comment_status":"closed","ping_status":"closed","template":"","meta":{"_acf_changed":false,"footnotes":""},"class_list":["post-45338","page","type-page","status-publish","hentry"],"acf":[],"yoast_head":"<!-- This site is optimized with the Yoast SEO Premium plugin v16.1 - https:\/\/yoast.com\/wordpress\/plugins\/seo\/ -->\n<title>Muut kodin ty\u00f6t | Autamme mielell\u00e4mme | Keradur kotisiivous<\/title>\n<meta name=\"description\" content=\"Mik\u00e4li sinulla on tarvetta sellaisille kodint\u00f6ille, joita ei listauksestamme l\u00f6ytynyt, ota rohkeasti yhteytt\u00e4. Oli tarpeesi mik\u00e4 tahansa, me autamme.\" \/>\n<link rel=\"canonical\" href=\"https:\/\/www.keradur.fi\/sv\/hemstadning\/tjanster\/ovriga-jobb-i-hemmet\/\" \/>\n<meta property=\"og:locale\" content=\"sv_SE\" \/>\n<meta property=\"og:type\" content=\"article\" \/>\n<meta property=\"og:title\" content=\"Muut kodin ty\u00f6t | Autamme mielell\u00e4mme | Keradur kotisiivous\" \/>\n<meta property=\"og:description\" content=\"Mik\u00e4li sinulla on tarvetta sellaisille kodint\u00f6ille, joita ei listauksestamme l\u00f6ytynyt, ota rohkeasti yhteytt\u00e4. Oli tarpeesi mik\u00e4 tahansa, me autamme.\" \/>\n<meta property=\"og:url\" content=\"https:\/\/www.keradur.fi\/sv\/hemstadning\/tjanster\/ovriga-jobb-i-hemmet\/\" \/>\n<meta property=\"og:site_name\" content=\"Keradur\" \/>\n<meta property=\"article:modified_time\" content=\"2022-10-19T12:57:34+00:00\" \/>\n<meta property=\"og:image\" content=\"https:\/\/www.keradur.fi\/app\/uploads\/2019\/02\/taloyhtiot_hero.jpg\" \/>\n\t<meta property=\"og:image:width\" content=\"2422\" \/>\n\t<meta property=\"og:image:height\" content=\"1016\" \/>\n<meta name=\"twitter:card\" content=\"summary_large_image\" \/>\n<script type=\"application\/ld+json\" class=\"yoast-schema-graph\">{\"@context\":\"https:\/\/schema.org\",\"@graph\":[{\"@type\":\"WebSite\",\"@id\":\"https:\/\/www.keradur.fi\/#website\",\"url\":\"https:\/\/www.keradur.fi\/\",\"name\":\"Keradur\",\"description\":\"Laadukasta siivouspalvelua vuodesta 1995\",\"potentialAction\":[{\"@type\":\"SearchAction\",\"target\":\"https:\/\/www.keradur.fi\/?s={search_term_string}\",\"query-input\":\"required name=search_term_string\"}],\"inLanguage\":\"sv-SE\"},{\"@type\":\"ImageObject\",\"@id\":\"https:\/\/www.keradur.fi\/sv\/hemstadning\/tjanster\/ovriga-jobb-i-hemmet\/#primaryimage\",\"inLanguage\":\"sv-SE\",\"url\":\"https:\/\/www.keradur.fi\/app\/uploads\/2019\/02\/taloyhtiot_hero.jpg\",\"contentUrl\":\"https:\/\/www.keradur.fi\/app\/uploads\/2019\/02\/taloyhtiot_hero.jpg\",\"width\":2422,\"height\":1016},{\"@type\":\"WebPage\",\"@id\":\"https:\/\/www.keradur.fi\/sv\/hemstadning\/tjanster\/ovriga-jobb-i-hemmet\/#webpage\",\"url\":\"https:\/\/www.keradur.fi\/sv\/hemstadning\/tjanster\/ovriga-jobb-i-hemmet\/\",\"name\":\"Muut kodin ty\\u00f6t | Autamme mielell\\u00e4mme | Keradur kotisiivous\",\"isPartOf\":{\"@id\":\"https:\/\/www.keradur.fi\/#website\"},\"primaryImageOfPage\":{\"@id\":\"https:\/\/www.keradur.fi\/sv\/hemstadning\/tjanster\/ovriga-jobb-i-hemmet\/#primaryimage\"},\"datePublished\":\"2020-08-11T06:51:45+00:00\",\"dateModified\":\"2022-10-19T12:57:34+00:00\",\"description\":\"Mik\\u00e4li sinulla on tarvetta sellaisille kodint\\u00f6ille, joita ei listauksestamme l\\u00f6ytynyt, ota rohkeasti yhteytt\\u00e4. Oli tarpeesi mik\\u00e4 tahansa, me autamme.\",\"breadcrumb\":{\"@id\":\"https:\/\/www.keradur.fi\/sv\/hemstadning\/tjanster\/ovriga-jobb-i-hemmet\/#breadcrumb\"},\"inLanguage\":\"sv-SE\",\"potentialAction\":[{\"@type\":\"ReadAction\",\"target\":[\"https:\/\/www.keradur.fi\/sv\/hemstadning\/tjanster\/ovriga-jobb-i-hemmet\/\"]}]},{\"@type\":\"BreadcrumbList\",\"@id\":\"https:\/\/www.keradur.fi\/sv\/hemstadning\/tjanster\/ovriga-jobb-i-hemmet\/#breadcrumb\",\"itemListElement\":[{\"@type\":\"ListItem\",\"position\":1,\"item\":{\"@type\":\"WebPage\",\"@id\":\"https:\/\/www.keradur.fi\/sv\/\",\"url\":\"https:\/\/www.keradur.fi\/sv\/\",\"name\":\"Home\"}},{\"@type\":\"ListItem\",\"position\":2,\"item\":{\"@type\":\"WebPage\",\"@id\":\"https:\/\/www.keradur.fi\/sv\/hemstadning\/\",\"url\":\"https:\/\/www.keradur.fi\/sv\/hemstadning\/\",\"name\":\"Hemst\\u00e4dning\"}},{\"@type\":\"ListItem\",\"position\":3,\"item\":{\"@type\":\"WebPage\",\"@id\":\"https:\/\/www.keradur.fi\/sv\/hemstadning\/tjanster\/\",\"url\":\"https:\/\/www.keradur.fi\/sv\/hemstadning\/tjanster\/\",\"name\":\"Tj\\u00e4nster\"}},{\"@type\":\"ListItem\",\"position\":4,\"item\":{\"@type\":\"WebPage\",\"@id\":\"https:\/\/www.keradur.fi\/sv\/hemstadning\/tjanster\/ovriga-jobb-i-hemmet\/\",\"url\":\"https:\/\/www.keradur.fi\/sv\/hemstadning\/tjanster\/ovriga-jobb-i-hemmet\/\",\"name\":\"\\u00d6vriga jobb i hemmet\"}}]}]}<\/script>\n<!-- \/ Yoast SEO Premium plugin. -->","_links":{"self":[{"href":"https:\/\/www.keradur.fi\/sv\/wp-json\/wp\/v2\/pages\/45338","targetHints":{"allow":["GET"]}}],"collection":[{"href":"https:\/\/www.keradur.fi\/sv\/wp-json\/wp\/v2\/pages"}],"about":[{"href":"https:\/\/www.keradur.fi\/sv\/wp-json\/wp\/v2\/types\/page"}],"author":[{"embeddable":true,"href":"https:\/\/www.keradur.fi\/sv\/wp-json\/wp\/v2\/users\/12"}],"replies":[{"embeddable":true,"href":"https:\/\/www.keradur.fi\/sv\/wp-json\/wp\/v2\/comments?post=45338"}],"version-history":[{"count":2,"href":"https:\/\/www.keradur.fi\/sv\/wp-json\/wp\/v2\/pages\/45338\/revisions"}],"predecessor-version":[{"id":45340,"href":"https:\/\/www.keradur.fi\/sv\/wp-json\/wp\/v2\/pages\/45338\/revisions\/45340"}],"up":[{"embeddable":true,"href":"https:\/\/www.keradur.fi\/sv\/wp-json\/wp\/v2\/pages\/45313"}],"wp:attachment":[{"href":"https:\/\/www.keradur.fi\/sv\/wp-json\/wp\/v2\/media?parent=45338"}],"curies":[{"name":"wp","href":"https:\/\/api.w.org\/{rel}","templated":true}]}}