{"id":45322,"date":"2020-08-11T09:51:45","date_gmt":"2020-08-11T06:51:45","guid":{"rendered":"https:\/\/www.keradur.fi\/hemstadning\/tjanster\/ateriapalvelu\/"},"modified":"2022-10-19T15:40:40","modified_gmt":"2022-10-19T12:40:40","slug":"maltidsservice","status":"publish","type":"page","link":"https:\/\/www.keradur.fi\/sv\/hemstadning\/tjanster\/maltidsservice\/","title":{"rendered":"M\u00e5ltidsservice"},"content":{"rendered":"","protected":false},"excerpt":{"rendered":"","protected":false},"author":12,"featured_media":0,"parent":45313,"menu_order":0,"comment_status":"closed","ping_status":"closed","template":"","meta":{"_acf_changed":false,"footnotes":""},"class_list":["post-45322","page","type-page","status-publish","hentry"],"acf":[],"yoast_head":"<!-- This site is optimized with the Yoast SEO Premium plugin v16.1 - https:\/\/yoast.com\/wordpress\/plugins\/seo\/ -->\n<title>Ateriapalvelu | Apua keitti\u00f6\u00f6n | Keradur kotisiivous<\/title>\n<meta name=\"description\" content=\"Keradur kotisiivous tarjoaa keitti\u00f6apua arkeen ja juhlaan. Voimme valmistella\/l\u00e4mmitt\u00e4\u00e4 ateriat, valmistella kattaukset ja hoitaa my\u00f6s tarjoilut.\" \/>\n<link rel=\"canonical\" href=\"https:\/\/www.keradur.fi\/sv\/hemstadning\/tjanster\/maltidsservice\/\" \/>\n<meta property=\"og:locale\" content=\"sv_SE\" \/>\n<meta property=\"og:type\" content=\"article\" \/>\n<meta property=\"og:title\" content=\"Ateriapalvelu | Apua keitti\u00f6\u00f6n | Keradur kotisiivous\" \/>\n<meta property=\"og:description\" content=\"Keradur kotisiivous tarjoaa keitti\u00f6apua arkeen ja juhlaan. Voimme valmistella\/l\u00e4mmitt\u00e4\u00e4 ateriat, valmistella kattaukset ja hoitaa my\u00f6s tarjoilut.\" \/>\n<meta property=\"og:url\" content=\"https:\/\/www.keradur.fi\/sv\/hemstadning\/tjanster\/maltidsservice\/\" \/>\n<meta property=\"og:site_name\" content=\"Keradur\" \/>\n<meta property=\"article:modified_time\" content=\"2022-10-19T12:40:40+00:00\" \/>\n<meta property=\"og:image\" content=\"https:\/\/www.keradur.fi\/app\/uploads\/2019\/02\/taloyhtiot_hero.jpg\" \/>\n\t<meta property=\"og:image:width\" content=\"2422\" \/>\n\t<meta property=\"og:image:height\" content=\"1016\" \/>\n<meta name=\"twitter:card\" content=\"summary_large_image\" \/>\n<script type=\"application\/ld+json\" class=\"yoast-schema-graph\">{\"@context\":\"https:\/\/schema.org\",\"@graph\":[{\"@type\":\"WebSite\",\"@id\":\"https:\/\/www.keradur.fi\/#website\",\"url\":\"https:\/\/www.keradur.fi\/\",\"name\":\"Keradur\",\"description\":\"Laadukasta siivouspalvelua vuodesta 1995\",\"potentialAction\":[{\"@type\":\"SearchAction\",\"target\":\"https:\/\/www.keradur.fi\/?s={search_term_string}\",\"query-input\":\"required name=search_term_string\"}],\"inLanguage\":\"sv-SE\"},{\"@type\":\"ImageObject\",\"@id\":\"https:\/\/www.keradur.fi\/sv\/hemstadning\/tjanster\/maltidsservice\/#primaryimage\",\"inLanguage\":\"sv-SE\",\"url\":\"https:\/\/www.keradur.fi\/app\/uploads\/2019\/02\/taloyhtiot_hero.jpg\",\"contentUrl\":\"https:\/\/www.keradur.fi\/app\/uploads\/2019\/02\/taloyhtiot_hero.jpg\",\"width\":2422,\"height\":1016},{\"@type\":\"WebPage\",\"@id\":\"https:\/\/www.keradur.fi\/sv\/hemstadning\/tjanster\/maltidsservice\/#webpage\",\"url\":\"https:\/\/www.keradur.fi\/sv\/hemstadning\/tjanster\/maltidsservice\/\",\"name\":\"Ateriapalvelu | Apua keitti\\u00f6\\u00f6n | Keradur kotisiivous\",\"isPartOf\":{\"@id\":\"https:\/\/www.keradur.fi\/#website\"},\"primaryImageOfPage\":{\"@id\":\"https:\/\/www.keradur.fi\/sv\/hemstadning\/tjanster\/maltidsservice\/#primaryimage\"},\"datePublished\":\"2020-08-11T06:51:45+00:00\",\"dateModified\":\"2022-10-19T12:40:40+00:00\",\"description\":\"Keradur kotisiivous tarjoaa keitti\\u00f6apua arkeen ja juhlaan. Voimme valmistella\/l\\u00e4mmitt\\u00e4\\u00e4 ateriat, valmistella kattaukset ja hoitaa my\\u00f6s tarjoilut.\",\"breadcrumb\":{\"@id\":\"https:\/\/www.keradur.fi\/sv\/hemstadning\/tjanster\/maltidsservice\/#breadcrumb\"},\"inLanguage\":\"sv-SE\",\"potentialAction\":[{\"@type\":\"ReadAction\",\"target\":[\"https:\/\/www.keradur.fi\/sv\/hemstadning\/tjanster\/maltidsservice\/\"]}]},{\"@type\":\"BreadcrumbList\",\"@id\":\"https:\/\/www.keradur.fi\/sv\/hemstadning\/tjanster\/maltidsservice\/#breadcrumb\",\"itemListElement\":[{\"@type\":\"ListItem\",\"position\":1,\"item\":{\"@type\":\"WebPage\",\"@id\":\"https:\/\/www.keradur.fi\/sv\/\",\"url\":\"https:\/\/www.keradur.fi\/sv\/\",\"name\":\"Home\"}},{\"@type\":\"ListItem\",\"position\":2,\"item\":{\"@type\":\"WebPage\",\"@id\":\"https:\/\/www.keradur.fi\/sv\/hemstadning\/\",\"url\":\"https:\/\/www.keradur.fi\/sv\/hemstadning\/\",\"name\":\"Hemst\\u00e4dning\"}},{\"@type\":\"ListItem\",\"position\":3,\"item\":{\"@type\":\"WebPage\",\"@id\":\"https:\/\/www.keradur.fi\/sv\/hemstadning\/tjanster\/\",\"url\":\"https:\/\/www.keradur.fi\/sv\/hemstadning\/tjanster\/\",\"name\":\"Tj\\u00e4nster\"}},{\"@type\":\"ListItem\",\"position\":4,\"item\":{\"@type\":\"WebPage\",\"@id\":\"https:\/\/www.keradur.fi\/sv\/hemstadning\/tjanster\/maltidsservice\/\",\"url\":\"https:\/\/www.keradur.fi\/sv\/hemstadning\/tjanster\/maltidsservice\/\",\"name\":\"M\\u00e5ltidsservice\"}}]}]}<\/script>\n<!-- \/ Yoast SEO Premium plugin. -->","_links":{"self":[{"href":"https:\/\/www.keradur.fi\/sv\/wp-json\/wp\/v2\/pages\/45322","targetHints":{"allow":["GET"]}}],"collection":[{"href":"https:\/\/www.keradur.fi\/sv\/wp-json\/wp\/v2\/pages"}],"about":[{"href":"https:\/\/www.keradur.fi\/sv\/wp-json\/wp\/v2\/types\/page"}],"author":[{"embeddable":true,"href":"https:\/\/www.keradur.fi\/sv\/wp-json\/wp\/v2\/users\/12"}],"replies":[{"embeddable":true,"href":"https:\/\/www.keradur.fi\/sv\/wp-json\/wp\/v2\/comments?post=45322"}],"version-history":[{"count":2,"href":"https:\/\/www.keradur.fi\/sv\/wp-json\/wp\/v2\/pages\/45322\/revisions"}],"predecessor-version":[{"id":45324,"href":"https:\/\/www.keradur.fi\/sv\/wp-json\/wp\/v2\/pages\/45322\/revisions\/45324"}],"up":[{"embeddable":true,"href":"https:\/\/www.keradur.fi\/sv\/wp-json\/wp\/v2\/pages\/45313"}],"wp:attachment":[{"href":"https:\/\/www.keradur.fi\/sv\/wp-json\/wp\/v2\/media?parent=45322"}],"curies":[{"name":"wp","href":"https:\/\/api.w.org\/{rel}","templated":true}]}}