{"id":45309,"date":"2020-08-07T12:57:06","date_gmt":"2020-08-07T09:57:06","guid":{"rendered":"https:\/\/www.keradur.fi\/hemstadning\/yritys\/"},"modified":"2022-10-19T14:56:12","modified_gmt":"2022-10-19T11:56:12","slug":"foretag","status":"publish","type":"page","link":"https:\/\/www.keradur.fi\/sv\/hemstadning\/foretag\/","title":{"rendered":"F\u00f6retag"},"content":{"rendered":"","protected":false},"excerpt":{"rendered":"","protected":false},"author":12,"featured_media":0,"parent":45274,"menu_order":0,"comment_status":"closed","ping_status":"closed","template":"","meta":{"_acf_changed":false,"footnotes":""},"class_list":["post-45309","page","type-page","status-publish","hentry"],"acf":[],"yoast_head":"<!-- This site is optimized with the Yoast SEO Premium plugin v16.1 - https:\/\/yoast.com\/wordpress\/plugins\/seo\/ -->\n<title>Yritys | Keradur kotisiivous | Siivouspalvelua jo vuodesta 1995<\/title>\n<meta name=\"description\" content=\"Keradurin toiminta k\u00e4ynnistyi kasvavaan tarpeeseen jo 90-luvulla. Olemme kasvaneet siit\u00e4 asti taitavan ja sitoutuneen ty\u00f6voiman kautta.\" \/>\n<link rel=\"canonical\" href=\"https:\/\/www.keradur.fi\/sv\/hemstadning\/foretag\/\" \/>\n<meta property=\"og:locale\" content=\"sv_SE\" \/>\n<meta property=\"og:type\" content=\"article\" \/>\n<meta property=\"og:title\" content=\"Yritys | Keradur kotisiivous | Siivouspalvelua jo vuodesta 1995\" \/>\n<meta property=\"og:description\" content=\"Keradurin toiminta k\u00e4ynnistyi kasvavaan tarpeeseen jo 90-luvulla. Olemme kasvaneet siit\u00e4 asti taitavan ja sitoutuneen ty\u00f6voiman kautta.\" \/>\n<meta property=\"og:url\" content=\"https:\/\/www.keradur.fi\/sv\/hemstadning\/foretag\/\" \/>\n<meta property=\"og:site_name\" content=\"Keradur\" \/>\n<meta property=\"article:modified_time\" content=\"2022-10-19T11:56:12+00:00\" \/>\n<meta name=\"twitter:card\" content=\"summary_large_image\" \/>\n<script type=\"application\/ld+json\" class=\"yoast-schema-graph\">{\"@context\":\"https:\/\/schema.org\",\"@graph\":[{\"@type\":\"WebSite\",\"@id\":\"https:\/\/www.keradur.fi\/#website\",\"url\":\"https:\/\/www.keradur.fi\/\",\"name\":\"Keradur\",\"description\":\"Laadukasta siivouspalvelua vuodesta 1995\",\"potentialAction\":[{\"@type\":\"SearchAction\",\"target\":\"https:\/\/www.keradur.fi\/?s={search_term_string}\",\"query-input\":\"required name=search_term_string\"}],\"inLanguage\":\"sv-SE\"},{\"@type\":\"WebPage\",\"@id\":\"https:\/\/www.keradur.fi\/sv\/hemstadning\/foretag\/#webpage\",\"url\":\"https:\/\/www.keradur.fi\/sv\/hemstadning\/foretag\/\",\"name\":\"Yritys | Keradur kotisiivous | Siivouspalvelua jo vuodesta 1995\",\"isPartOf\":{\"@id\":\"https:\/\/www.keradur.fi\/#website\"},\"datePublished\":\"2020-08-07T09:57:06+00:00\",\"dateModified\":\"2022-10-19T11:56:12+00:00\",\"description\":\"Keradurin toiminta k\\u00e4ynnistyi kasvavaan tarpeeseen jo 90-luvulla. Olemme kasvaneet siit\\u00e4 asti taitavan ja sitoutuneen ty\\u00f6voiman kautta.\",\"breadcrumb\":{\"@id\":\"https:\/\/www.keradur.fi\/sv\/hemstadning\/foretag\/#breadcrumb\"},\"inLanguage\":\"sv-SE\",\"potentialAction\":[{\"@type\":\"ReadAction\",\"target\":[\"https:\/\/www.keradur.fi\/sv\/hemstadning\/foretag\/\"]}]},{\"@type\":\"BreadcrumbList\",\"@id\":\"https:\/\/www.keradur.fi\/sv\/hemstadning\/foretag\/#breadcrumb\",\"itemListElement\":[{\"@type\":\"ListItem\",\"position\":1,\"item\":{\"@type\":\"WebPage\",\"@id\":\"https:\/\/www.keradur.fi\/sv\/\",\"url\":\"https:\/\/www.keradur.fi\/sv\/\",\"name\":\"Home\"}},{\"@type\":\"ListItem\",\"position\":2,\"item\":{\"@type\":\"WebPage\",\"@id\":\"https:\/\/www.keradur.fi\/sv\/hemstadning\/\",\"url\":\"https:\/\/www.keradur.fi\/sv\/hemstadning\/\",\"name\":\"Hemst\\u00e4dning\"}},{\"@type\":\"ListItem\",\"position\":3,\"item\":{\"@type\":\"WebPage\",\"@id\":\"https:\/\/www.keradur.fi\/sv\/hemstadning\/foretag\/\",\"url\":\"https:\/\/www.keradur.fi\/sv\/hemstadning\/foretag\/\",\"name\":\"F\\u00f6retag\"}}]}]}<\/script>\n<!-- \/ Yoast SEO Premium plugin. -->","_links":{"self":[{"href":"https:\/\/www.keradur.fi\/sv\/wp-json\/wp\/v2\/pages\/45309","targetHints":{"allow":["GET"]}}],"collection":[{"href":"https:\/\/www.keradur.fi\/sv\/wp-json\/wp\/v2\/pages"}],"about":[{"href":"https:\/\/www.keradur.fi\/sv\/wp-json\/wp\/v2\/types\/page"}],"author":[{"embeddable":true,"href":"https:\/\/www.keradur.fi\/sv\/wp-json\/wp\/v2\/users\/12"}],"replies":[{"embeddable":true,"href":"https:\/\/www.keradur.fi\/sv\/wp-json\/wp\/v2\/comments?post=45309"}],"version-history":[{"count":2,"href":"https:\/\/www.keradur.fi\/sv\/wp-json\/wp\/v2\/pages\/45309\/revisions"}],"predecessor-version":[{"id":45311,"href":"https:\/\/www.keradur.fi\/sv\/wp-json\/wp\/v2\/pages\/45309\/revisions\/45311"}],"up":[{"embeddable":true,"href":"https:\/\/www.keradur.fi\/sv\/wp-json\/wp\/v2\/pages\/45274"}],"wp:attachment":[{"href":"https:\/\/www.keradur.fi\/sv\/wp-json\/wp\/v2\/media?parent=45309"}],"curies":[{"name":"wp","href":"https:\/\/api.w.org\/{rel}","templated":true}]}}