{"id":45274,"date":"2020-07-31T11:43:54","date_gmt":"2020-07-31T08:43:54","guid":{"rendered":"https:\/\/www.keradur.fi\/kotisiivous\/"},"modified":"2022-10-28T13:29:30","modified_gmt":"2022-10-28T10:29:30","slug":"hemstadning","status":"publish","type":"page","link":"https:\/\/www.keradur.fi\/sv\/hemstadning\/","title":{"rendered":"Hemst\u00e4dning"},"content":{"rendered":"","protected":false},"excerpt":{"rendered":"","protected":false},"author":12,"featured_media":0,"parent":0,"menu_order":0,"comment_status":"closed","ping_status":"closed","template":"views\/kotisiivous-front.blade.php","meta":{"_acf_changed":false,"footnotes":""},"class_list":["post-45274","page","type-page","status-publish","hentry"],"acf":[],"yoast_head":"<!-- This site is optimized with the Yoast SEO Premium plugin v16.1 - https:\/\/yoast.com\/wordpress\/plugins\/seo\/ -->\n<title>Kotisiivous Helsinki, Tampere, Turku, Jyv\u00e4skyl\u00e4 | Keradur<\/title>\n<meta name=\"description\" content=\"Keradur kotisiivous toimii mm. Helsingin, Tampereen, Turun ja Jyv\u00e4skyl\u00e4n seudulla. Valitse itsellesi sopivat siivouspalvelut ja tilaa siivooja kotiin. Lue lis\u00e4\u00e4!\" \/>\n<link rel=\"canonical\" href=\"https:\/\/www.keradur.fi\/sv\/hemstadning\/\" \/>\n<meta property=\"og:locale\" content=\"sv_SE\" \/>\n<meta property=\"og:type\" content=\"article\" \/>\n<meta property=\"og:title\" content=\"Keradur | Laadukasta siivouspalvelua vuodesta 1995\" \/>\n<meta property=\"og:description\" content=\"Keradur kotisiivous toimii mm. Helsingin, Tampereen, Turun ja Jyv\u00e4skyl\u00e4n seudulla. Valitse itsellesi sopivat siivouspalvelut ja tilaa siivooja kotiin. Lue lis\u00e4\u00e4!\" \/>\n<meta property=\"og:url\" content=\"https:\/\/www.keradur.fi\/sv\/hemstadning\/\" \/>\n<meta property=\"og:site_name\" content=\"Keradur\" \/>\n<meta property=\"article:modified_time\" content=\"2022-10-28T10:29:30+00:00\" \/>\n<meta property=\"og:image\" content=\"https:\/\/www.keradur.fi\/app\/uploads\/2019\/02\/hero_prisma.jpg\" \/>\n\t<meta property=\"og:image:width\" content=\"2445\" \/>\n\t<meta property=\"og:image:height\" content=\"1499\" \/>\n<meta name=\"twitter:card\" content=\"summary_large_image\" \/>\n<script type=\"application\/ld+json\" class=\"yoast-schema-graph\">{\"@context\":\"https:\/\/schema.org\",\"@graph\":[{\"@type\":\"WebSite\",\"@id\":\"https:\/\/www.keradur.fi\/#website\",\"url\":\"https:\/\/www.keradur.fi\/\",\"name\":\"Keradur\",\"description\":\"Laadukasta siivouspalvelua vuodesta 1995\",\"potentialAction\":[{\"@type\":\"SearchAction\",\"target\":\"https:\/\/www.keradur.fi\/?s={search_term_string}\",\"query-input\":\"required name=search_term_string\"}],\"inLanguage\":\"sv-SE\"},{\"@type\":\"ImageObject\",\"@id\":\"https:\/\/www.keradur.fi\/sv\/hemstadning\/#primaryimage\",\"inLanguage\":\"sv-SE\",\"url\":\"https:\/\/www.keradur.fi\/app\/uploads\/2019\/02\/hero_prisma.jpg\",\"contentUrl\":\"https:\/\/www.keradur.fi\/app\/uploads\/2019\/02\/hero_prisma.jpg\",\"width\":2445,\"height\":1499},{\"@type\":\"WebPage\",\"@id\":\"https:\/\/www.keradur.fi\/sv\/hemstadning\/#webpage\",\"url\":\"https:\/\/www.keradur.fi\/sv\/hemstadning\/\",\"name\":\"Kotisiivous Helsinki, Tampere, Turku, Jyv\\u00e4skyl\\u00e4 | Keradur\",\"isPartOf\":{\"@id\":\"https:\/\/www.keradur.fi\/#website\"},\"primaryImageOfPage\":{\"@id\":\"https:\/\/www.keradur.fi\/sv\/hemstadning\/#primaryimage\"},\"datePublished\":\"2020-07-31T08:43:54+00:00\",\"dateModified\":\"2022-10-28T10:29:30+00:00\",\"description\":\"Keradur kotisiivous toimii mm. Helsingin, Tampereen, Turun ja Jyv\\u00e4skyl\\u00e4n seudulla. Valitse itsellesi sopivat siivouspalvelut ja tilaa siivooja kotiin. Lue lis\\u00e4\\u00e4!\",\"breadcrumb\":{\"@id\":\"https:\/\/www.keradur.fi\/sv\/hemstadning\/#breadcrumb\"},\"inLanguage\":\"sv-SE\",\"potentialAction\":[{\"@type\":\"ReadAction\",\"target\":[\"https:\/\/www.keradur.fi\/sv\/hemstadning\/\"]}]},{\"@type\":\"BreadcrumbList\",\"@id\":\"https:\/\/www.keradur.fi\/sv\/hemstadning\/#breadcrumb\",\"itemListElement\":[{\"@type\":\"ListItem\",\"position\":1,\"item\":{\"@type\":\"WebPage\",\"@id\":\"https:\/\/www.keradur.fi\/sv\/\",\"url\":\"https:\/\/www.keradur.fi\/sv\/\",\"name\":\"Home\"}},{\"@type\":\"ListItem\",\"position\":2,\"item\":{\"@type\":\"WebPage\",\"@id\":\"https:\/\/www.keradur.fi\/sv\/hemstadning\/\",\"url\":\"https:\/\/www.keradur.fi\/sv\/hemstadning\/\",\"name\":\"Hemst\\u00e4dning\"}}]}]}<\/script>\n<!-- \/ Yoast SEO Premium plugin. -->","_links":{"self":[{"href":"https:\/\/www.keradur.fi\/sv\/wp-json\/wp\/v2\/pages\/45274","targetHints":{"allow":["GET"]}}],"collection":[{"href":"https:\/\/www.keradur.fi\/sv\/wp-json\/wp\/v2\/pages"}],"about":[{"href":"https:\/\/www.keradur.fi\/sv\/wp-json\/wp\/v2\/types\/page"}],"author":[{"embeddable":true,"href":"https:\/\/www.keradur.fi\/sv\/wp-json\/wp\/v2\/users\/12"}],"replies":[{"embeddable":true,"href":"https:\/\/www.keradur.fi\/sv\/wp-json\/wp\/v2\/comments?post=45274"}],"version-history":[{"count":5,"href":"https:\/\/www.keradur.fi\/sv\/wp-json\/wp\/v2\/pages\/45274\/revisions"}],"predecessor-version":[{"id":45979,"href":"https:\/\/www.keradur.fi\/sv\/wp-json\/wp\/v2\/pages\/45274\/revisions\/45979"}],"wp:attachment":[{"href":"https:\/\/www.keradur.fi\/sv\/wp-json\/wp\/v2\/media?parent=45274"}],"curies":[{"name":"wp","href":"https:\/\/api.w.org\/{rel}","templated":true}]}}