{"id":1210,"date":"2019-01-28T10:34:48","date_gmt":"2019-01-28T08:34:48","guid":{"rendered":"https:\/\/www.keradur.fi\/yhteystiedot\/"},"modified":"2024-03-18T14:17:44","modified_gmt":"2024-03-18T12:17:44","slug":"kontaktinformation","status":"publish","type":"page","link":"https:\/\/www.keradur.fi\/sv\/kontaktinformation\/","title":{"rendered":"Kontaktinformation"},"content":{"rendered":"","protected":false},"excerpt":{"rendered":"","protected":false},"author":1,"featured_media":0,"parent":0,"menu_order":0,"comment_status":"closed","ping_status":"closed","template":"","meta":{"_acf_changed":false,"footnotes":""},"class_list":["post-1210","page","type-page","status-publish","hentry"],"acf":[],"yoast_head":"<!-- This site is optimized with the Yoast SEO Premium plugin v16.1 - https:\/\/yoast.com\/wordpress\/plugins\/seo\/ -->\n<title>Kontaktinformation - Keradur<\/title>\n<meta name=\"description\" content=\"Nedan hittar du en ansvarig person p\u00e5 ditt omr\u00e5de som v\u00e4ntar p\u00e5 att du kontaktar oss med st\u00e4dfr\u00e5gor. V\u00e5r f\u00f6rs\u00e4ljning betj\u00e4nar nya kunder och andra intresserade i hela landet.\" \/>\n<link rel=\"canonical\" href=\"https:\/\/www.keradur.fi\/sv\/kontaktinformation\/\" \/>\n<meta property=\"og:locale\" content=\"sv_SE\" \/>\n<meta property=\"og:type\" content=\"article\" \/>\n<meta property=\"og:title\" content=\"Kontaktinformation - Keradur\" \/>\n<meta property=\"og:description\" content=\"Alta l\u00f6yd\u00e4t oman alueesi vastuuhenkil\u00f6n, joka odottaa yhteydenottoasi kaikissa siivoukseen liittyviss\u00e4 kysymyksiss\u00e4. Myyntimme palvelee maanlaajuisesti uusia asiakkaita ja siivouspalveluista kiinnostuneita.\" \/>\n<meta property=\"og:url\" content=\"https:\/\/www.keradur.fi\/sv\/kontaktinformation\/\" \/>\n<meta property=\"og:site_name\" content=\"Keradur\" \/>\n<meta property=\"article:modified_time\" content=\"2024-03-18T12:17:44+00:00\" \/>\n<meta property=\"og:image\" content=\"https:\/\/www.keradur.fi\/app\/uploads\/2019\/02\/yhteystiedot_hero.jpg\" \/>\n\t<meta property=\"og:image:width\" content=\"2422\" \/>\n\t<meta property=\"og:image:height\" content=\"1016\" \/>\n<meta name=\"twitter:card\" content=\"summary_large_image\" \/>\n<script type=\"application\/ld+json\" class=\"yoast-schema-graph\">{\"@context\":\"https:\/\/schema.org\",\"@graph\":[{\"@type\":\"WebSite\",\"@id\":\"https:\/\/www.keradur.fi\/#website\",\"url\":\"https:\/\/www.keradur.fi\/\",\"name\":\"Keradur\",\"description\":\"Laadukasta siivouspalvelua vuodesta 1995\",\"potentialAction\":[{\"@type\":\"SearchAction\",\"target\":\"https:\/\/www.keradur.fi\/?s={search_term_string}\",\"query-input\":\"required name=search_term_string\"}],\"inLanguage\":\"sv-SE\"},{\"@type\":\"ImageObject\",\"@id\":\"https:\/\/www.keradur.fi\/sv\/kontaktinformation\/#primaryimage\",\"inLanguage\":\"sv-SE\",\"url\":\"https:\/\/www.keradur.fi\/app\/uploads\/2019\/02\/yhteystiedot_hero.jpg\",\"contentUrl\":\"https:\/\/www.keradur.fi\/app\/uploads\/2019\/02\/yhteystiedot_hero.jpg\",\"width\":2422,\"height\":1016},{\"@type\":\"WebPage\",\"@id\":\"https:\/\/www.keradur.fi\/sv\/kontaktinformation\/#webpage\",\"url\":\"https:\/\/www.keradur.fi\/sv\/kontaktinformation\/\",\"name\":\"Kontaktinformation - Keradur\",\"isPartOf\":{\"@id\":\"https:\/\/www.keradur.fi\/#website\"},\"primaryImageOfPage\":{\"@id\":\"https:\/\/www.keradur.fi\/sv\/kontaktinformation\/#primaryimage\"},\"datePublished\":\"2019-01-28T08:34:48+00:00\",\"dateModified\":\"2024-03-18T12:17:44+00:00\",\"description\":\"Nedan hittar du en ansvarig person p\\u00e5 ditt omr\\u00e5de som v\\u00e4ntar p\\u00e5 att du kontaktar oss med st\\u00e4dfr\\u00e5gor. V\\u00e5r f\\u00f6rs\\u00e4ljning betj\\u00e4nar nya kunder och andra intresserade i hela landet.\",\"breadcrumb\":{\"@id\":\"https:\/\/www.keradur.fi\/sv\/kontaktinformation\/#breadcrumb\"},\"inLanguage\":\"sv-SE\",\"potentialAction\":[{\"@type\":\"ReadAction\",\"target\":[\"https:\/\/www.keradur.fi\/sv\/kontaktinformation\/\"]}]},{\"@type\":\"BreadcrumbList\",\"@id\":\"https:\/\/www.keradur.fi\/sv\/kontaktinformation\/#breadcrumb\",\"itemListElement\":[{\"@type\":\"ListItem\",\"position\":1,\"item\":{\"@type\":\"WebPage\",\"@id\":\"https:\/\/www.keradur.fi\/sv\/\",\"url\":\"https:\/\/www.keradur.fi\/sv\/\",\"name\":\"Home\"}},{\"@type\":\"ListItem\",\"position\":2,\"item\":{\"@type\":\"WebPage\",\"@id\":\"https:\/\/www.keradur.fi\/sv\/kontaktinformation\/\",\"url\":\"https:\/\/www.keradur.fi\/sv\/kontaktinformation\/\",\"name\":\"Kontaktinformation\"}}]}]}<\/script>\n<!-- \/ Yoast SEO Premium plugin. -->","_links":{"self":[{"href":"https:\/\/www.keradur.fi\/sv\/wp-json\/wp\/v2\/pages\/1210","targetHints":{"allow":["GET"]}}],"collection":[{"href":"https:\/\/www.keradur.fi\/sv\/wp-json\/wp\/v2\/pages"}],"about":[{"href":"https:\/\/www.keradur.fi\/sv\/wp-json\/wp\/v2\/types\/page"}],"author":[{"embeddable":true,"href":"https:\/\/www.keradur.fi\/sv\/wp-json\/wp\/v2\/users\/1"}],"replies":[{"embeddable":true,"href":"https:\/\/www.keradur.fi\/sv\/wp-json\/wp\/v2\/comments?post=1210"}],"version-history":[{"count":6,"href":"https:\/\/www.keradur.fi\/sv\/wp-json\/wp\/v2\/pages\/1210\/revisions"}],"predecessor-version":[{"id":73532,"href":"https:\/\/www.keradur.fi\/sv\/wp-json\/wp\/v2\/pages\/1210\/revisions\/73532"}],"wp:attachment":[{"href":"https:\/\/www.keradur.fi\/sv\/wp-json\/wp\/v2\/media?parent=1210"}],"curies":[{"name":"wp","href":"https:\/\/api.w.org\/{rel}","templated":true}]}}