{"id":1202,"date":"2019-01-25T17:00:40","date_gmt":"2019-01-25T15:00:40","guid":{"rendered":"https:\/\/www.keradur.fi\/tjanster\/urheilu-ja-uimahallit\/"},"modified":"2019-04-17T12:53:05","modified_gmt":"2019-04-17T09:53:05","slug":"idrotts-och-simhallar","status":"publish","type":"page","link":"https:\/\/www.keradur.fi\/sv\/tjanster\/idrotts-och-simhallar\/","title":{"rendered":"Idrotts- och simhallar"},"content":{"rendered":"","protected":false},"excerpt":{"rendered":"","protected":false},"author":1,"featured_media":0,"parent":1179,"menu_order":0,"comment_status":"closed","ping_status":"closed","template":"","meta":{"_acf_changed":false,"footnotes":""},"class_list":["post-1202","page","type-page","status-publish","hentry"],"acf":[],"yoast_head":"<!-- This site is optimized with the Yoast SEO Premium plugin v16.1 - https:\/\/yoast.com\/wordpress\/plugins\/seo\/ -->\n<title>St\u00e4dtj\u00e4nster f\u00f6r idrotts- och simhallar | Keradur<\/title>\n<meta name=\"description\" content=\"Kunder v\u00e4ljer ofta idrottshallen utifr\u00e5n dess st\u00e4mning, renlighet och hygienniv\u00e5. Man \u00e4r beredd att resa lite l\u00e4ngre bort till en sporthall som \u00e4r v\u00e4lsk\u00f6tt och d\u00e4r omkl\u00e4dningsrummet och duschen har en h\u00f6g hygienstandard.\" \/>\n<link rel=\"canonical\" href=\"https:\/\/www.keradur.fi\/sv\/tjanster\/idrotts-och-simhallar\/\" \/>\n<meta property=\"og:locale\" content=\"sv_SE\" \/>\n<meta property=\"og:type\" content=\"article\" \/>\n<meta property=\"og:title\" content=\"St\u00e4dtj\u00e4nster f\u00f6r idrotts- och simhallar | Keradur\" \/>\n<meta property=\"og:description\" content=\"Kunder v\u00e4ljer ofta idrottshallen utifr\u00e5n dess st\u00e4mning, renlighet och hygienniv\u00e5. Man \u00e4r beredd att resa lite l\u00e4ngre bort till en sporthall som \u00e4r v\u00e4lsk\u00f6tt och d\u00e4r omkl\u00e4dningsrummet och duschen har en h\u00f6g hygienstandard.\" \/>\n<meta property=\"og:url\" content=\"https:\/\/www.keradur.fi\/sv\/tjanster\/idrotts-och-simhallar\/\" \/>\n<meta property=\"og:site_name\" content=\"Keradur\" \/>\n<meta property=\"article:modified_time\" content=\"2019-04-17T09:53:05+00:00\" \/>\n<meta property=\"og:image\" content=\"https:\/\/www.keradur.fi\/app\/uploads\/2019\/02\/hero_esport.jpg\" \/>\n\t<meta property=\"og:image:width\" content=\"2445\" \/>\n\t<meta property=\"og:image:height\" content=\"1499\" \/>\n<meta name=\"twitter:card\" content=\"summary_large_image\" \/>\n<script type=\"application\/ld+json\" class=\"yoast-schema-graph\">{\"@context\":\"https:\/\/schema.org\",\"@graph\":[{\"@type\":\"WebSite\",\"@id\":\"https:\/\/www.keradur.fi\/#website\",\"url\":\"https:\/\/www.keradur.fi\/\",\"name\":\"Keradur\",\"description\":\"Laadukasta siivouspalvelua vuodesta 1995\",\"potentialAction\":[{\"@type\":\"SearchAction\",\"target\":\"https:\/\/www.keradur.fi\/?s={search_term_string}\",\"query-input\":\"required name=search_term_string\"}],\"inLanguage\":\"sv-SE\"},{\"@type\":\"ImageObject\",\"@id\":\"https:\/\/www.keradur.fi\/sv\/tjanster\/idrotts-och-simhallar\/#primaryimage\",\"inLanguage\":\"sv-SE\",\"url\":\"https:\/\/www.keradur.fi\/app\/uploads\/2019\/02\/hero_esport.jpg\",\"contentUrl\":\"https:\/\/www.keradur.fi\/app\/uploads\/2019\/02\/hero_esport.jpg\",\"width\":2445,\"height\":1499},{\"@type\":\"WebPage\",\"@id\":\"https:\/\/www.keradur.fi\/sv\/tjanster\/idrotts-och-simhallar\/#webpage\",\"url\":\"https:\/\/www.keradur.fi\/sv\/tjanster\/idrotts-och-simhallar\/\",\"name\":\"St\\u00e4dtj\\u00e4nster f\\u00f6r idrotts- och simhallar | Keradur\",\"isPartOf\":{\"@id\":\"https:\/\/www.keradur.fi\/#website\"},\"primaryImageOfPage\":{\"@id\":\"https:\/\/www.keradur.fi\/sv\/tjanster\/idrotts-och-simhallar\/#primaryimage\"},\"datePublished\":\"2019-01-25T15:00:40+00:00\",\"dateModified\":\"2019-04-17T09:53:05+00:00\",\"description\":\"Kunder v\\u00e4ljer ofta idrottshallen utifr\\u00e5n dess st\\u00e4mning, renlighet och hygienniv\\u00e5. Man \\u00e4r beredd att resa lite l\\u00e4ngre bort till en sporthall som \\u00e4r v\\u00e4lsk\\u00f6tt och d\\u00e4r omkl\\u00e4dningsrummet och duschen har en h\\u00f6g hygienstandard.\",\"breadcrumb\":{\"@id\":\"https:\/\/www.keradur.fi\/sv\/tjanster\/idrotts-och-simhallar\/#breadcrumb\"},\"inLanguage\":\"sv-SE\",\"potentialAction\":[{\"@type\":\"ReadAction\",\"target\":[\"https:\/\/www.keradur.fi\/sv\/tjanster\/idrotts-och-simhallar\/\"]}]},{\"@type\":\"BreadcrumbList\",\"@id\":\"https:\/\/www.keradur.fi\/sv\/tjanster\/idrotts-och-simhallar\/#breadcrumb\",\"itemListElement\":[{\"@type\":\"ListItem\",\"position\":1,\"item\":{\"@type\":\"WebPage\",\"@id\":\"https:\/\/www.keradur.fi\/sv\/\",\"url\":\"https:\/\/www.keradur.fi\/sv\/\",\"name\":\"Home\"}},{\"@type\":\"ListItem\",\"position\":2,\"item\":{\"@type\":\"WebPage\",\"@id\":\"https:\/\/www.keradur.fi\/sv\/tjanster\/\",\"url\":\"https:\/\/www.keradur.fi\/sv\/tjanster\/\",\"name\":\"Tj\\u00e4nster\"}},{\"@type\":\"ListItem\",\"position\":3,\"item\":{\"@type\":\"WebPage\",\"@id\":\"https:\/\/www.keradur.fi\/sv\/tjanster\/idrotts-och-simhallar\/\",\"url\":\"https:\/\/www.keradur.fi\/sv\/tjanster\/idrotts-och-simhallar\/\",\"name\":\"Idrotts- och simhallar\"}}]}]}<\/script>\n<!-- \/ Yoast SEO Premium plugin. -->","_links":{"self":[{"href":"https:\/\/www.keradur.fi\/sv\/wp-json\/wp\/v2\/pages\/1202","targetHints":{"allow":["GET"]}}],"collection":[{"href":"https:\/\/www.keradur.fi\/sv\/wp-json\/wp\/v2\/pages"}],"about":[{"href":"https:\/\/www.keradur.fi\/sv\/wp-json\/wp\/v2\/types\/page"}],"author":[{"embeddable":true,"href":"https:\/\/www.keradur.fi\/sv\/wp-json\/wp\/v2\/users\/1"}],"replies":[{"embeddable":true,"href":"https:\/\/www.keradur.fi\/sv\/wp-json\/wp\/v2\/comments?post=1202"}],"version-history":[{"count":2,"href":"https:\/\/www.keradur.fi\/sv\/wp-json\/wp\/v2\/pages\/1202\/revisions"}],"predecessor-version":[{"id":1204,"href":"https:\/\/www.keradur.fi\/sv\/wp-json\/wp\/v2\/pages\/1202\/revisions\/1204"}],"up":[{"embeddable":true,"href":"https:\/\/www.keradur.fi\/sv\/wp-json\/wp\/v2\/pages\/1179"}],"wp:attachment":[{"href":"https:\/\/www.keradur.fi\/sv\/wp-json\/wp\/v2\/media?parent=1202"}],"curies":[{"name":"wp","href":"https:\/\/api.w.org\/{rel}","templated":true}]}}