{"id":1199,"date":"2019-01-25T17:00:01","date_gmt":"2019-01-25T15:00:01","guid":{"rendered":"https:\/\/www.keradur.fi\/tjanster\/tuotanto-ja-teollisuuslaitokset\/"},"modified":"2019-04-17T12:50:32","modified_gmt":"2019-04-17T09:50:32","slug":"produktions-och-industrianlaggningar","status":"publish","type":"page","link":"https:\/\/www.keradur.fi\/sv\/tjanster\/produktions-och-industrianlaggningar\/","title":{"rendered":"Produktions- och industrianl\u00e4ggningar"},"content":{"rendered":"","protected":false},"excerpt":{"rendered":"","protected":false},"author":1,"featured_media":0,"parent":1179,"menu_order":0,"comment_status":"closed","ping_status":"closed","template":"","meta":{"_acf_changed":false,"footnotes":""},"class_list":["post-1199","page","type-page","status-publish","hentry"],"acf":[],"yoast_head":"<!-- This site is optimized with the Yoast SEO Premium plugin v16.1 - https:\/\/yoast.com\/wordpress\/plugins\/seo\/ -->\n<title>St\u00e4dtj\u00e4nster f\u00f6r produktions- och industrianl\u00e4ggningar | Keradur<\/title>\n<meta name=\"description\" content=\"R\u00e4tt utrustning och st\u00e4dmaterial, s\u00e5v\u00e4l som ett kunnigt och erfaret team s\u00e4kerst\u00e4ller att produktionen kan l\u00f6pa utan avbrott och extra bekymmer.\" \/>\n<link rel=\"canonical\" href=\"https:\/\/www.keradur.fi\/sv\/tjanster\/produktions-och-industrianlaggningar\/\" \/>\n<meta property=\"og:locale\" content=\"sv_SE\" \/>\n<meta property=\"og:type\" content=\"article\" \/>\n<meta property=\"og:title\" content=\"St\u00e4dtj\u00e4nster f\u00f6r produktions- och industrianl\u00e4ggningar | Keradur\" \/>\n<meta property=\"og:description\" content=\"R\u00e4tt utrustning och st\u00e4dmaterial, s\u00e5v\u00e4l som ett kunnigt och erfaret team s\u00e4kerst\u00e4ller att produktionen kan l\u00f6pa utan avbrott och extra bekymmer.\" \/>\n<meta property=\"og:url\" content=\"https:\/\/www.keradur.fi\/sv\/tjanster\/produktions-och-industrianlaggningar\/\" \/>\n<meta property=\"og:site_name\" content=\"Keradur\" \/>\n<meta property=\"article:modified_time\" content=\"2019-04-17T09:50:32+00:00\" \/>\n<meta property=\"og:image\" content=\"https:\/\/www.keradur.fi\/app\/uploads\/2019\/03\/hero_kumera_2-2.jpg\" \/>\n\t<meta property=\"og:image:width\" content=\"2445\" \/>\n\t<meta property=\"og:image:height\" content=\"1499\" \/>\n<meta name=\"twitter:card\" content=\"summary_large_image\" \/>\n<script type=\"application\/ld+json\" class=\"yoast-schema-graph\">{\"@context\":\"https:\/\/schema.org\",\"@graph\":[{\"@type\":\"WebSite\",\"@id\":\"https:\/\/www.keradur.fi\/#website\",\"url\":\"https:\/\/www.keradur.fi\/\",\"name\":\"Keradur\",\"description\":\"Laadukasta siivouspalvelua vuodesta 1995\",\"potentialAction\":[{\"@type\":\"SearchAction\",\"target\":\"https:\/\/www.keradur.fi\/?s={search_term_string}\",\"query-input\":\"required name=search_term_string\"}],\"inLanguage\":\"sv-SE\"},{\"@type\":\"ImageObject\",\"@id\":\"https:\/\/www.keradur.fi\/sv\/tjanster\/produktions-och-industrianlaggningar\/#primaryimage\",\"inLanguage\":\"sv-SE\",\"url\":\"https:\/\/www.keradur.fi\/app\/uploads\/2019\/03\/hero_kumera_2-2.jpg\",\"contentUrl\":\"https:\/\/www.keradur.fi\/app\/uploads\/2019\/03\/hero_kumera_2-2.jpg\",\"width\":2445,\"height\":1499},{\"@type\":\"WebPage\",\"@id\":\"https:\/\/www.keradur.fi\/sv\/tjanster\/produktions-och-industrianlaggningar\/#webpage\",\"url\":\"https:\/\/www.keradur.fi\/sv\/tjanster\/produktions-och-industrianlaggningar\/\",\"name\":\"St\\u00e4dtj\\u00e4nster f\\u00f6r produktions- och industrianl\\u00e4ggningar | Keradur\",\"isPartOf\":{\"@id\":\"https:\/\/www.keradur.fi\/#website\"},\"primaryImageOfPage\":{\"@id\":\"https:\/\/www.keradur.fi\/sv\/tjanster\/produktions-och-industrianlaggningar\/#primaryimage\"},\"datePublished\":\"2019-01-25T15:00:01+00:00\",\"dateModified\":\"2019-04-17T09:50:32+00:00\",\"description\":\"R\\u00e4tt utrustning och st\\u00e4dmaterial, s\\u00e5v\\u00e4l som ett kunnigt och erfaret team s\\u00e4kerst\\u00e4ller att produktionen kan l\\u00f6pa utan avbrott och extra bekymmer.\",\"breadcrumb\":{\"@id\":\"https:\/\/www.keradur.fi\/sv\/tjanster\/produktions-och-industrianlaggningar\/#breadcrumb\"},\"inLanguage\":\"sv-SE\",\"potentialAction\":[{\"@type\":\"ReadAction\",\"target\":[\"https:\/\/www.keradur.fi\/sv\/tjanster\/produktions-och-industrianlaggningar\/\"]}]},{\"@type\":\"BreadcrumbList\",\"@id\":\"https:\/\/www.keradur.fi\/sv\/tjanster\/produktions-och-industrianlaggningar\/#breadcrumb\",\"itemListElement\":[{\"@type\":\"ListItem\",\"position\":1,\"item\":{\"@type\":\"WebPage\",\"@id\":\"https:\/\/www.keradur.fi\/sv\/\",\"url\":\"https:\/\/www.keradur.fi\/sv\/\",\"name\":\"Home\"}},{\"@type\":\"ListItem\",\"position\":2,\"item\":{\"@type\":\"WebPage\",\"@id\":\"https:\/\/www.keradur.fi\/sv\/tjanster\/\",\"url\":\"https:\/\/www.keradur.fi\/sv\/tjanster\/\",\"name\":\"Tj\\u00e4nster\"}},{\"@type\":\"ListItem\",\"position\":3,\"item\":{\"@type\":\"WebPage\",\"@id\":\"https:\/\/www.keradur.fi\/sv\/tjanster\/produktions-och-industrianlaggningar\/\",\"url\":\"https:\/\/www.keradur.fi\/sv\/tjanster\/produktions-och-industrianlaggningar\/\",\"name\":\"Produktions- och industrianl\\u00e4ggningar\"}}]}]}<\/script>\n<!-- \/ Yoast SEO Premium plugin. -->","_links":{"self":[{"href":"https:\/\/www.keradur.fi\/sv\/wp-json\/wp\/v2\/pages\/1199","targetHints":{"allow":["GET"]}}],"collection":[{"href":"https:\/\/www.keradur.fi\/sv\/wp-json\/wp\/v2\/pages"}],"about":[{"href":"https:\/\/www.keradur.fi\/sv\/wp-json\/wp\/v2\/types\/page"}],"author":[{"embeddable":true,"href":"https:\/\/www.keradur.fi\/sv\/wp-json\/wp\/v2\/users\/1"}],"replies":[{"embeddable":true,"href":"https:\/\/www.keradur.fi\/sv\/wp-json\/wp\/v2\/comments?post=1199"}],"version-history":[{"count":1,"href":"https:\/\/www.keradur.fi\/sv\/wp-json\/wp\/v2\/pages\/1199\/revisions"}],"predecessor-version":[{"id":1200,"href":"https:\/\/www.keradur.fi\/sv\/wp-json\/wp\/v2\/pages\/1199\/revisions\/1200"}],"up":[{"embeddable":true,"href":"https:\/\/www.keradur.fi\/sv\/wp-json\/wp\/v2\/pages\/1179"}],"wp:attachment":[{"href":"https:\/\/www.keradur.fi\/sv\/wp-json\/wp\/v2\/media?parent=1199"}],"curies":[{"name":"wp","href":"https:\/\/api.w.org\/{rel}","templated":true}]}}