{"id":1195,"date":"2019-01-25T17:00:20","date_gmt":"2019-01-25T15:00:20","guid":{"rendered":"https:\/\/www.keradur.fi\/tjanster\/toimistosiivous\/"},"modified":"2019-04-17T12:43:37","modified_gmt":"2019-04-17T09:43:37","slug":"kontorsstadning","status":"publish","type":"page","link":"https:\/\/www.keradur.fi\/sv\/tjanster\/kontorsstadning\/","title":{"rendered":"Kontorsst\u00e4dning"},"content":{"rendered":"","protected":false},"excerpt":{"rendered":"","protected":false},"author":1,"featured_media":0,"parent":1179,"menu_order":0,"comment_status":"closed","ping_status":"closed","template":"","meta":{"_acf_changed":false,"footnotes":""},"class_list":["post-1195","page","type-page","status-publish","hentry"],"acf":[],"yoast_head":"<!-- This site is optimized with the Yoast SEO Premium plugin v16.1 - https:\/\/yoast.com\/wordpress\/plugins\/seo\/ -->\n<title>Kontorsst\u00e4dning | Keradur<\/title>\n<meta name=\"description\" content=\"Uppskattar du ett proffsigt och engagerat st\u00e4dproffs som arbetar med stor precision? Hur k\u00e4nns det att komma till ett kontor som \u00e4r fr\u00e4scht, d\u00e4r lokalerna \u00e4r snygga och ytorna gl\u00e4nser?\" \/>\n<link rel=\"canonical\" href=\"https:\/\/www.keradur.fi\/sv\/tjanster\/kontorsstadning\/\" \/>\n<meta property=\"og:locale\" content=\"sv_SE\" \/>\n<meta property=\"og:type\" content=\"article\" \/>\n<meta property=\"og:title\" content=\"Kontorsst\u00e4dning | Keradur\" \/>\n<meta property=\"og:description\" content=\"Uppskattar du ett proffsigt och engagerat st\u00e4dproffs som arbetar med stor precision? Hur k\u00e4nns det att komma till ett kontor som \u00e4r fr\u00e4scht, d\u00e4r lokalerna \u00e4r snygga och ytorna gl\u00e4nser?\" \/>\n<meta property=\"og:url\" content=\"https:\/\/www.keradur.fi\/sv\/tjanster\/kontorsstadning\/\" \/>\n<meta property=\"og:site_name\" content=\"Keradur\" \/>\n<meta property=\"article:modified_time\" content=\"2019-04-17T09:43:37+00:00\" \/>\n<meta property=\"og:image\" content=\"https:\/\/www.keradur.fi\/app\/uploads\/2019\/02\/hero_rettig.jpg\" \/>\n\t<meta property=\"og:image:width\" content=\"2445\" \/>\n\t<meta property=\"og:image:height\" content=\"1499\" \/>\n<meta name=\"twitter:card\" content=\"summary_large_image\" \/>\n<script type=\"application\/ld+json\" class=\"yoast-schema-graph\">{\"@context\":\"https:\/\/schema.org\",\"@graph\":[{\"@type\":\"WebSite\",\"@id\":\"https:\/\/www.keradur.fi\/#website\",\"url\":\"https:\/\/www.keradur.fi\/\",\"name\":\"Keradur\",\"description\":\"Laadukasta siivouspalvelua vuodesta 1995\",\"potentialAction\":[{\"@type\":\"SearchAction\",\"target\":\"https:\/\/www.keradur.fi\/?s={search_term_string}\",\"query-input\":\"required name=search_term_string\"}],\"inLanguage\":\"sv-SE\"},{\"@type\":\"ImageObject\",\"@id\":\"https:\/\/www.keradur.fi\/sv\/tjanster\/kontorsstadning\/#primaryimage\",\"inLanguage\":\"sv-SE\",\"url\":\"https:\/\/www.keradur.fi\/app\/uploads\/2019\/02\/hero_rettig.jpg\",\"contentUrl\":\"https:\/\/www.keradur.fi\/app\/uploads\/2019\/02\/hero_rettig.jpg\",\"width\":2445,\"height\":1499},{\"@type\":\"WebPage\",\"@id\":\"https:\/\/www.keradur.fi\/sv\/tjanster\/kontorsstadning\/#webpage\",\"url\":\"https:\/\/www.keradur.fi\/sv\/tjanster\/kontorsstadning\/\",\"name\":\"Kontorsst\\u00e4dning | Keradur\",\"isPartOf\":{\"@id\":\"https:\/\/www.keradur.fi\/#website\"},\"primaryImageOfPage\":{\"@id\":\"https:\/\/www.keradur.fi\/sv\/tjanster\/kontorsstadning\/#primaryimage\"},\"datePublished\":\"2019-01-25T15:00:20+00:00\",\"dateModified\":\"2019-04-17T09:43:37+00:00\",\"description\":\"Uppskattar du ett proffsigt och engagerat st\\u00e4dproffs som arbetar med stor precision? Hur k\\u00e4nns det att komma till ett kontor som \\u00e4r fr\\u00e4scht, d\\u00e4r lokalerna \\u00e4r snygga och ytorna gl\\u00e4nser?\",\"breadcrumb\":{\"@id\":\"https:\/\/www.keradur.fi\/sv\/tjanster\/kontorsstadning\/#breadcrumb\"},\"inLanguage\":\"sv-SE\",\"potentialAction\":[{\"@type\":\"ReadAction\",\"target\":[\"https:\/\/www.keradur.fi\/sv\/tjanster\/kontorsstadning\/\"]}]},{\"@type\":\"BreadcrumbList\",\"@id\":\"https:\/\/www.keradur.fi\/sv\/tjanster\/kontorsstadning\/#breadcrumb\",\"itemListElement\":[{\"@type\":\"ListItem\",\"position\":1,\"item\":{\"@type\":\"WebPage\",\"@id\":\"https:\/\/www.keradur.fi\/sv\/\",\"url\":\"https:\/\/www.keradur.fi\/sv\/\",\"name\":\"Home\"}},{\"@type\":\"ListItem\",\"position\":2,\"item\":{\"@type\":\"WebPage\",\"@id\":\"https:\/\/www.keradur.fi\/sv\/tjanster\/\",\"url\":\"https:\/\/www.keradur.fi\/sv\/tjanster\/\",\"name\":\"Tj\\u00e4nster\"}},{\"@type\":\"ListItem\",\"position\":3,\"item\":{\"@type\":\"WebPage\",\"@id\":\"https:\/\/www.keradur.fi\/sv\/tjanster\/kontorsstadning\/\",\"url\":\"https:\/\/www.keradur.fi\/sv\/tjanster\/kontorsstadning\/\",\"name\":\"Kontorsst\\u00e4dning\"}}]}]}<\/script>\n<!-- \/ Yoast SEO Premium plugin. -->","_links":{"self":[{"href":"https:\/\/www.keradur.fi\/sv\/wp-json\/wp\/v2\/pages\/1195","targetHints":{"allow":["GET"]}}],"collection":[{"href":"https:\/\/www.keradur.fi\/sv\/wp-json\/wp\/v2\/pages"}],"about":[{"href":"https:\/\/www.keradur.fi\/sv\/wp-json\/wp\/v2\/types\/page"}],"author":[{"embeddable":true,"href":"https:\/\/www.keradur.fi\/sv\/wp-json\/wp\/v2\/users\/1"}],"replies":[{"embeddable":true,"href":"https:\/\/www.keradur.fi\/sv\/wp-json\/wp\/v2\/comments?post=1195"}],"version-history":[{"count":2,"href":"https:\/\/www.keradur.fi\/sv\/wp-json\/wp\/v2\/pages\/1195\/revisions"}],"predecessor-version":[{"id":1197,"href":"https:\/\/www.keradur.fi\/sv\/wp-json\/wp\/v2\/pages\/1195\/revisions\/1197"}],"up":[{"embeddable":true,"href":"https:\/\/www.keradur.fi\/sv\/wp-json\/wp\/v2\/pages\/1179"}],"wp:attachment":[{"href":"https:\/\/www.keradur.fi\/sv\/wp-json\/wp\/v2\/media?parent=1195"}],"curies":[{"name":"wp","href":"https:\/\/api.w.org\/{rel}","templated":true}]}}