{"id":1191,"date":"2019-01-25T17:01:08","date_gmt":"2019-01-25T15:01:08","guid":{"rendered":"https:\/\/www.keradur.fi\/tjanster\/taloyhtiot\/"},"modified":"2019-04-17T12:40:53","modified_gmt":"2019-04-17T09:40:53","slug":"husbolag","status":"publish","type":"page","link":"https:\/\/www.keradur.fi\/sv\/tjanster\/husbolag\/","title":{"rendered":"Husbolag"},"content":{"rendered":"","protected":false},"excerpt":{"rendered":"","protected":false},"author":1,"featured_media":0,"parent":1179,"menu_order":0,"comment_status":"closed","ping_status":"closed","template":"","meta":{"_acf_changed":false,"footnotes":""},"class_list":["post-1191","page","type-page","status-publish","hentry"],"acf":[],"yoast_head":"<!-- This site is optimized with the Yoast SEO Premium plugin v16.1 - https:\/\/yoast.com\/wordpress\/plugins\/seo\/ -->\n<title>St\u00e4dtj\u00e4nster f\u00f6r husbolag | Keradur<\/title>\n<meta name=\"description\" content=\"En ren och v\u00e4lst\u00e4dad trappuppg\u00e5ng bidrar till inv\u00e5narnas trivsel och g\u00f6r att f\u00f6rsta intrycket f\u00f6r bes\u00f6kare som kommer in genom d\u00f6rren blir positiv.\" \/>\n<link rel=\"canonical\" href=\"https:\/\/www.keradur.fi\/sv\/tjanster\/husbolag\/\" \/>\n<meta property=\"og:locale\" content=\"sv_SE\" \/>\n<meta property=\"og:type\" content=\"article\" \/>\n<meta property=\"og:title\" content=\"St\u00e4dtj\u00e4nster f\u00f6r husbolag | Keradur\" \/>\n<meta property=\"og:description\" content=\"En ren och v\u00e4lst\u00e4dad trappuppg\u00e5ng bidrar till inv\u00e5narnas trivsel och g\u00f6r att f\u00f6rsta intrycket f\u00f6r bes\u00f6kare som kommer in genom d\u00f6rren blir positiv.\" \/>\n<meta property=\"og:url\" content=\"https:\/\/www.keradur.fi\/sv\/tjanster\/husbolag\/\" \/>\n<meta property=\"og:site_name\" content=\"Keradur\" \/>\n<meta property=\"article:modified_time\" content=\"2019-04-17T09:40:53+00:00\" \/>\n<meta property=\"og:image\" content=\"https:\/\/www.keradur.fi\/app\/uploads\/2019\/02\/taloyhtiot_hero.jpg\" \/>\n\t<meta property=\"og:image:width\" content=\"2422\" \/>\n\t<meta property=\"og:image:height\" content=\"1016\" \/>\n<meta name=\"twitter:card\" content=\"summary_large_image\" \/>\n<script type=\"application\/ld+json\" class=\"yoast-schema-graph\">{\"@context\":\"https:\/\/schema.org\",\"@graph\":[{\"@type\":\"WebSite\",\"@id\":\"https:\/\/www.keradur.fi\/#website\",\"url\":\"https:\/\/www.keradur.fi\/\",\"name\":\"Keradur\",\"description\":\"Laadukasta siivouspalvelua vuodesta 1995\",\"potentialAction\":[{\"@type\":\"SearchAction\",\"target\":\"https:\/\/www.keradur.fi\/?s={search_term_string}\",\"query-input\":\"required name=search_term_string\"}],\"inLanguage\":\"sv-SE\"},{\"@type\":\"ImageObject\",\"@id\":\"https:\/\/www.keradur.fi\/sv\/tjanster\/husbolag\/#primaryimage\",\"inLanguage\":\"sv-SE\",\"url\":\"https:\/\/www.keradur.fi\/app\/uploads\/2019\/02\/taloyhtiot_hero.jpg\",\"contentUrl\":\"https:\/\/www.keradur.fi\/app\/uploads\/2019\/02\/taloyhtiot_hero.jpg\",\"width\":2422,\"height\":1016},{\"@type\":\"WebPage\",\"@id\":\"https:\/\/www.keradur.fi\/sv\/tjanster\/husbolag\/#webpage\",\"url\":\"https:\/\/www.keradur.fi\/sv\/tjanster\/husbolag\/\",\"name\":\"St\\u00e4dtj\\u00e4nster f\\u00f6r husbolag | Keradur\",\"isPartOf\":{\"@id\":\"https:\/\/www.keradur.fi\/#website\"},\"primaryImageOfPage\":{\"@id\":\"https:\/\/www.keradur.fi\/sv\/tjanster\/husbolag\/#primaryimage\"},\"datePublished\":\"2019-01-25T15:01:08+00:00\",\"dateModified\":\"2019-04-17T09:40:53+00:00\",\"description\":\"En ren och v\\u00e4lst\\u00e4dad trappuppg\\u00e5ng bidrar till inv\\u00e5narnas trivsel och g\\u00f6r att f\\u00f6rsta intrycket f\\u00f6r bes\\u00f6kare som kommer in genom d\\u00f6rren blir positiv.\",\"breadcrumb\":{\"@id\":\"https:\/\/www.keradur.fi\/sv\/tjanster\/husbolag\/#breadcrumb\"},\"inLanguage\":\"sv-SE\",\"potentialAction\":[{\"@type\":\"ReadAction\",\"target\":[\"https:\/\/www.keradur.fi\/sv\/tjanster\/husbolag\/\"]}]},{\"@type\":\"BreadcrumbList\",\"@id\":\"https:\/\/www.keradur.fi\/sv\/tjanster\/husbolag\/#breadcrumb\",\"itemListElement\":[{\"@type\":\"ListItem\",\"position\":1,\"item\":{\"@type\":\"WebPage\",\"@id\":\"https:\/\/www.keradur.fi\/sv\/\",\"url\":\"https:\/\/www.keradur.fi\/sv\/\",\"name\":\"Home\"}},{\"@type\":\"ListItem\",\"position\":2,\"item\":{\"@type\":\"WebPage\",\"@id\":\"https:\/\/www.keradur.fi\/sv\/tjanster\/\",\"url\":\"https:\/\/www.keradur.fi\/sv\/tjanster\/\",\"name\":\"Tj\\u00e4nster\"}},{\"@type\":\"ListItem\",\"position\":3,\"item\":{\"@type\":\"WebPage\",\"@id\":\"https:\/\/www.keradur.fi\/sv\/tjanster\/husbolag\/\",\"url\":\"https:\/\/www.keradur.fi\/sv\/tjanster\/husbolag\/\",\"name\":\"Husbolag\"}}]}]}<\/script>\n<!-- \/ Yoast SEO Premium plugin. -->","_links":{"self":[{"href":"https:\/\/www.keradur.fi\/sv\/wp-json\/wp\/v2\/pages\/1191","targetHints":{"allow":["GET"]}}],"collection":[{"href":"https:\/\/www.keradur.fi\/sv\/wp-json\/wp\/v2\/pages"}],"about":[{"href":"https:\/\/www.keradur.fi\/sv\/wp-json\/wp\/v2\/types\/page"}],"author":[{"embeddable":true,"href":"https:\/\/www.keradur.fi\/sv\/wp-json\/wp\/v2\/users\/1"}],"replies":[{"embeddable":true,"href":"https:\/\/www.keradur.fi\/sv\/wp-json\/wp\/v2\/comments?post=1191"}],"version-history":[{"count":2,"href":"https:\/\/www.keradur.fi\/sv\/wp-json\/wp\/v2\/pages\/1191\/revisions"}],"predecessor-version":[{"id":1193,"href":"https:\/\/www.keradur.fi\/sv\/wp-json\/wp\/v2\/pages\/1191\/revisions\/1193"}],"up":[{"embeddable":true,"href":"https:\/\/www.keradur.fi\/sv\/wp-json\/wp\/v2\/pages\/1179"}],"wp:attachment":[{"href":"https:\/\/www.keradur.fi\/sv\/wp-json\/wp\/v2\/media?parent=1191"}],"curies":[{"name":"wp","href":"https:\/\/api.w.org\/{rel}","templated":true}]}}