{"id":1187,"date":"2019-01-25T17:00:54","date_gmt":"2019-01-25T15:00:54","guid":{"rendered":"https:\/\/www.keradur.fi\/tjanster\/ravintolat\/"},"modified":"2019-04-17T12:38:02","modified_gmt":"2019-04-17T09:38:02","slug":"restauranger","status":"publish","type":"page","link":"https:\/\/www.keradur.fi\/sv\/tjanster\/restauranger\/","title":{"rendered":"Restauranger"},"content":{"rendered":"","protected":false},"excerpt":{"rendered":"","protected":false},"author":1,"featured_media":0,"parent":1179,"menu_order":0,"comment_status":"closed","ping_status":"closed","template":"","meta":{"_acf_changed":false,"footnotes":""},"class_list":["post-1187","page","type-page","status-publish","hentry"],"acf":[],"yoast_head":"<!-- This site is optimized with the Yoast SEO Premium plugin v16.1 - https:\/\/yoast.com\/wordpress\/plugins\/seo\/ -->\n<title>St\u00e4dtj\u00e4nster f\u00f6r restauranger och caf\u00e9er | Keradur<\/title>\n<meta name=\"description\" content=\"Trivsamma kundutrymmen och fr\u00e4scha personalutrymmen samt en proaktiv p\u00e5fyllning av produkter s\u00e4kerst\u00e4ller att arbetet som ofta har ett h\u00f6gt tempo l\u00f6per smidigt och inte lider av bristande hygien.\" \/>\n<link rel=\"canonical\" href=\"https:\/\/www.keradur.fi\/sv\/tjanster\/restauranger\/\" \/>\n<meta property=\"og:locale\" content=\"sv_SE\" \/>\n<meta property=\"og:type\" content=\"article\" \/>\n<meta property=\"og:title\" content=\"St\u00e4dtj\u00e4nster f\u00f6r restauranger och caf\u00e9er | Keradur\" \/>\n<meta property=\"og:description\" content=\"Trivsamma kundutrymmen och fr\u00e4scha personalutrymmen samt en proaktiv p\u00e5fyllning av produkter s\u00e4kerst\u00e4ller att arbetet som ofta har ett h\u00f6gt tempo l\u00f6per smidigt och inte lider av bristande hygien.\" \/>\n<meta property=\"og:url\" content=\"https:\/\/www.keradur.fi\/sv\/tjanster\/restauranger\/\" \/>\n<meta property=\"og:site_name\" content=\"Keradur\" \/>\n<meta property=\"article:modified_time\" content=\"2019-04-17T09:38:02+00:00\" \/>\n<meta property=\"og:image\" content=\"https:\/\/www.keradur.fi\/app\/uploads\/2019\/03\/hero_vallilankonepaja-2.jpg\" \/>\n\t<meta property=\"og:image:width\" content=\"2445\" \/>\n\t<meta property=\"og:image:height\" content=\"1499\" \/>\n<meta name=\"twitter:card\" content=\"summary_large_image\" \/>\n<script type=\"application\/ld+json\" class=\"yoast-schema-graph\">{\"@context\":\"https:\/\/schema.org\",\"@graph\":[{\"@type\":\"WebSite\",\"@id\":\"https:\/\/www.keradur.fi\/#website\",\"url\":\"https:\/\/www.keradur.fi\/\",\"name\":\"Keradur\",\"description\":\"Laadukasta siivouspalvelua vuodesta 1995\",\"potentialAction\":[{\"@type\":\"SearchAction\",\"target\":\"https:\/\/www.keradur.fi\/?s={search_term_string}\",\"query-input\":\"required name=search_term_string\"}],\"inLanguage\":\"sv-SE\"},{\"@type\":\"ImageObject\",\"@id\":\"https:\/\/www.keradur.fi\/sv\/tjanster\/restauranger\/#primaryimage\",\"inLanguage\":\"sv-SE\",\"url\":\"https:\/\/www.keradur.fi\/app\/uploads\/2019\/03\/hero_vallilankonepaja-2.jpg\",\"contentUrl\":\"https:\/\/www.keradur.fi\/app\/uploads\/2019\/03\/hero_vallilankonepaja-2.jpg\",\"width\":2445,\"height\":1499},{\"@type\":\"WebPage\",\"@id\":\"https:\/\/www.keradur.fi\/sv\/tjanster\/restauranger\/#webpage\",\"url\":\"https:\/\/www.keradur.fi\/sv\/tjanster\/restauranger\/\",\"name\":\"St\\u00e4dtj\\u00e4nster f\\u00f6r restauranger och caf\\u00e9er | Keradur\",\"isPartOf\":{\"@id\":\"https:\/\/www.keradur.fi\/#website\"},\"primaryImageOfPage\":{\"@id\":\"https:\/\/www.keradur.fi\/sv\/tjanster\/restauranger\/#primaryimage\"},\"datePublished\":\"2019-01-25T15:00:54+00:00\",\"dateModified\":\"2019-04-17T09:38:02+00:00\",\"description\":\"Trivsamma kundutrymmen och fr\\u00e4scha personalutrymmen samt en proaktiv p\\u00e5fyllning av produkter s\\u00e4kerst\\u00e4ller att arbetet som ofta har ett h\\u00f6gt tempo l\\u00f6per smidigt och inte lider av bristande hygien.\",\"breadcrumb\":{\"@id\":\"https:\/\/www.keradur.fi\/sv\/tjanster\/restauranger\/#breadcrumb\"},\"inLanguage\":\"sv-SE\",\"potentialAction\":[{\"@type\":\"ReadAction\",\"target\":[\"https:\/\/www.keradur.fi\/sv\/tjanster\/restauranger\/\"]}]},{\"@type\":\"BreadcrumbList\",\"@id\":\"https:\/\/www.keradur.fi\/sv\/tjanster\/restauranger\/#breadcrumb\",\"itemListElement\":[{\"@type\":\"ListItem\",\"position\":1,\"item\":{\"@type\":\"WebPage\",\"@id\":\"https:\/\/www.keradur.fi\/sv\/\",\"url\":\"https:\/\/www.keradur.fi\/sv\/\",\"name\":\"Home\"}},{\"@type\":\"ListItem\",\"position\":2,\"item\":{\"@type\":\"WebPage\",\"@id\":\"https:\/\/www.keradur.fi\/sv\/tjanster\/\",\"url\":\"https:\/\/www.keradur.fi\/sv\/tjanster\/\",\"name\":\"Tj\\u00e4nster\"}},{\"@type\":\"ListItem\",\"position\":3,\"item\":{\"@type\":\"WebPage\",\"@id\":\"https:\/\/www.keradur.fi\/sv\/tjanster\/restauranger\/\",\"url\":\"https:\/\/www.keradur.fi\/sv\/tjanster\/restauranger\/\",\"name\":\"Restauranger\"}}]}]}<\/script>\n<!-- \/ Yoast SEO Premium plugin. -->","_links":{"self":[{"href":"https:\/\/www.keradur.fi\/sv\/wp-json\/wp\/v2\/pages\/1187","targetHints":{"allow":["GET"]}}],"collection":[{"href":"https:\/\/www.keradur.fi\/sv\/wp-json\/wp\/v2\/pages"}],"about":[{"href":"https:\/\/www.keradur.fi\/sv\/wp-json\/wp\/v2\/types\/page"}],"author":[{"embeddable":true,"href":"https:\/\/www.keradur.fi\/sv\/wp-json\/wp\/v2\/users\/1"}],"replies":[{"embeddable":true,"href":"https:\/\/www.keradur.fi\/sv\/wp-json\/wp\/v2\/comments?post=1187"}],"version-history":[{"count":2,"href":"https:\/\/www.keradur.fi\/sv\/wp-json\/wp\/v2\/pages\/1187\/revisions"}],"predecessor-version":[{"id":1189,"href":"https:\/\/www.keradur.fi\/sv\/wp-json\/wp\/v2\/pages\/1187\/revisions\/1189"}],"up":[{"embeddable":true,"href":"https:\/\/www.keradur.fi\/sv\/wp-json\/wp\/v2\/pages\/1179"}],"wp:attachment":[{"href":"https:\/\/www.keradur.fi\/sv\/wp-json\/wp\/v2\/media?parent=1187"}],"curies":[{"name":"wp","href":"https:\/\/api.w.org\/{rel}","templated":true}]}}