{"id":1179,"date":"2019-01-25T15:32:57","date_gmt":"2019-01-25T13:32:57","guid":{"rendered":"https:\/\/www.keradur.fi\/palvelut\/"},"modified":"2019-04-17T12:31:39","modified_gmt":"2019-04-17T09:31:39","slug":"tjanster","status":"publish","type":"page","link":"https:\/\/www.keradur.fi\/sv\/tjanster\/","title":{"rendered":"Tj\u00e4nster"},"content":{"rendered":"","protected":false},"excerpt":{"rendered":"","protected":false},"author":1,"featured_media":0,"parent":0,"menu_order":0,"comment_status":"closed","ping_status":"closed","template":"","meta":{"_acf_changed":false,"footnotes":""},"class_list":["post-1179","page","type-page","status-publish","hentry"],"acf":[],"yoast_head":"<!-- This site is optimized with the Yoast SEO Premium plugin v16.1 - https:\/\/yoast.com\/wordpress\/plugins\/seo\/ -->\n<title>St\u00e4dtj\u00e4nster f\u00f6r f\u00f6retag | Keradur<\/title>\n<meta name=\"description\" content=\"St\u00e4dtj\u00e4nster f\u00f6r f\u00f6retag med fokus p\u00e5 att m\u00f6ta varje kunds individuella behov. V\u00e5r l\u00e5nga och omfattande erfarenhet fr\u00e5n olika branscher hj\u00e4lper oss att planera r\u00e4tt.\" \/>\n<link rel=\"canonical\" href=\"https:\/\/www.keradur.fi\/sv\/tjanster\/\" \/>\n<meta property=\"og:locale\" content=\"sv_SE\" \/>\n<meta property=\"og:type\" content=\"article\" \/>\n<meta property=\"og:title\" content=\"St\u00e4dtj\u00e4nster f\u00f6r f\u00f6retag | Keradur\" \/>\n<meta property=\"og:description\" content=\"St\u00e4dtj\u00e4nster f\u00f6r f\u00f6retag med fokus p\u00e5 att m\u00f6ta varje kunds individuella behov. V\u00e5r l\u00e5nga och omfattande erfarenhet fr\u00e5n olika branscher hj\u00e4lper oss att planera r\u00e4tt.\" \/>\n<meta property=\"og:url\" content=\"https:\/\/www.keradur.fi\/sv\/tjanster\/\" \/>\n<meta property=\"og:site_name\" content=\"Keradur\" \/>\n<meta property=\"article:modified_time\" content=\"2019-04-17T09:31:39+00:00\" \/>\n<meta name=\"twitter:card\" content=\"summary_large_image\" \/>\n<script type=\"application\/ld+json\" class=\"yoast-schema-graph\">{\"@context\":\"https:\/\/schema.org\",\"@graph\":[{\"@type\":\"WebSite\",\"@id\":\"https:\/\/www.keradur.fi\/#website\",\"url\":\"https:\/\/www.keradur.fi\/\",\"name\":\"Keradur\",\"description\":\"Laadukasta siivouspalvelua vuodesta 1995\",\"potentialAction\":[{\"@type\":\"SearchAction\",\"target\":\"https:\/\/www.keradur.fi\/?s={search_term_string}\",\"query-input\":\"required name=search_term_string\"}],\"inLanguage\":\"sv-SE\"},{\"@type\":\"WebPage\",\"@id\":\"https:\/\/www.keradur.fi\/sv\/tjanster\/#webpage\",\"url\":\"https:\/\/www.keradur.fi\/sv\/tjanster\/\",\"name\":\"St\\u00e4dtj\\u00e4nster f\\u00f6r f\\u00f6retag | Keradur\",\"isPartOf\":{\"@id\":\"https:\/\/www.keradur.fi\/#website\"},\"datePublished\":\"2019-01-25T13:32:57+00:00\",\"dateModified\":\"2019-04-17T09:31:39+00:00\",\"description\":\"St\\u00e4dtj\\u00e4nster f\\u00f6r f\\u00f6retag med fokus p\\u00e5 att m\\u00f6ta varje kunds individuella behov. V\\u00e5r l\\u00e5nga och omfattande erfarenhet fr\\u00e5n olika branscher hj\\u00e4lper oss att planera r\\u00e4tt.\",\"breadcrumb\":{\"@id\":\"https:\/\/www.keradur.fi\/sv\/tjanster\/#breadcrumb\"},\"inLanguage\":\"sv-SE\",\"potentialAction\":[{\"@type\":\"ReadAction\",\"target\":[\"https:\/\/www.keradur.fi\/sv\/tjanster\/\"]}]},{\"@type\":\"BreadcrumbList\",\"@id\":\"https:\/\/www.keradur.fi\/sv\/tjanster\/#breadcrumb\",\"itemListElement\":[{\"@type\":\"ListItem\",\"position\":1,\"item\":{\"@type\":\"WebPage\",\"@id\":\"https:\/\/www.keradur.fi\/sv\/\",\"url\":\"https:\/\/www.keradur.fi\/sv\/\",\"name\":\"Home\"}},{\"@type\":\"ListItem\",\"position\":2,\"item\":{\"@type\":\"WebPage\",\"@id\":\"https:\/\/www.keradur.fi\/sv\/tjanster\/\",\"url\":\"https:\/\/www.keradur.fi\/sv\/tjanster\/\",\"name\":\"Tj\\u00e4nster\"}}]}]}<\/script>\n<!-- \/ Yoast SEO Premium plugin. -->","_links":{"self":[{"href":"https:\/\/www.keradur.fi\/sv\/wp-json\/wp\/v2\/pages\/1179","targetHints":{"allow":["GET"]}}],"collection":[{"href":"https:\/\/www.keradur.fi\/sv\/wp-json\/wp\/v2\/pages"}],"about":[{"href":"https:\/\/www.keradur.fi\/sv\/wp-json\/wp\/v2\/types\/page"}],"author":[{"embeddable":true,"href":"https:\/\/www.keradur.fi\/sv\/wp-json\/wp\/v2\/users\/1"}],"replies":[{"embeddable":true,"href":"https:\/\/www.keradur.fi\/sv\/wp-json\/wp\/v2\/comments?post=1179"}],"version-history":[{"count":2,"href":"https:\/\/www.keradur.fi\/sv\/wp-json\/wp\/v2\/pages\/1179\/revisions"}],"predecessor-version":[{"id":1181,"href":"https:\/\/www.keradur.fi\/sv\/wp-json\/wp\/v2\/pages\/1179\/revisions\/1181"}],"wp:attachment":[{"href":"https:\/\/www.keradur.fi\/sv\/wp-json\/wp\/v2\/media?parent=1179"}],"curies":[{"name":"wp","href":"https:\/\/api.w.org\/{rel}","templated":true}]}}