{"id":1174,"date":"2019-01-21T15:16:59","date_gmt":"2019-01-21T13:16:59","guid":{"rendered":"https:\/\/www.keradur.fi\/lisapalvelut-ja-tuotteet\/"},"modified":"2024-03-15T11:14:08","modified_gmt":"2024-03-15T09:14:08","slug":"tillaggstjanster-och-produkter","status":"publish","type":"page","link":"https:\/\/www.keradur.fi\/sv\/tillaggstjanster-och-produkter\/","title":{"rendered":"Till\u00e4ggstj\u00e4nster och produkter"},"content":{"rendered":"","protected":false},"excerpt":{"rendered":"","protected":false},"author":1,"featured_media":0,"parent":0,"menu_order":0,"comment_status":"closed","ping_status":"closed","template":"","meta":{"_acf_changed":false,"footnotes":""},"class_list":["post-1174","page","type-page","status-publish","hentry"],"acf":[],"yoast_head":"<!-- This site is optimized with the Yoast SEO Premium plugin v16.1 - https:\/\/yoast.com\/wordpress\/plugins\/seo\/ -->\n<title>Till\u00e4ggstj\u00e4nster och produkter - Keradur<\/title>\n<meta name=\"description\" content=\"V\u00e5ra m\u00e5ngsidiga proffs med sin utrustning st\u00e5r till din tj\u00e4nst f\u00f6r all st\u00e4dning \u2013 allt fr\u00e5n enskilda tillst\u00e4llningar till \u00e5rlig service, flyttning eller \u00f6verraskande behov.\" \/>\n<link rel=\"canonical\" href=\"https:\/\/www.keradur.fi\/sv\/tillaggstjanster-och-produkter\/\" \/>\n<meta property=\"og:locale\" content=\"sv_SE\" \/>\n<meta property=\"og:type\" content=\"article\" \/>\n<meta property=\"og:title\" content=\"Till\u00e4ggstj\u00e4nster och produkter - Keradur\" \/>\n<meta property=\"og:description\" content=\"Monipuoliset ammattilaiset ja laitteisto k\u00e4yt\u00f6ss\u00e4si kaikkeen siivoukseen, yksitt\u00e4isist\u00e4 tapahtumista vuosihuoltoihin, muuttoihin ja yll\u00e4tt\u00e4viin tarpeisiin.\" \/>\n<meta property=\"og:url\" content=\"https:\/\/www.keradur.fi\/sv\/tillaggstjanster-och-produkter\/\" \/>\n<meta property=\"og:site_name\" content=\"Keradur\" \/>\n<meta property=\"article:modified_time\" content=\"2024-03-15T09:14:08+00:00\" \/>\n<meta property=\"og:image\" content=\"https:\/\/www.keradur.fi\/app\/uploads\/2019\/02\/lisapalvelut_hero-1.jpg\" \/>\n\t<meta property=\"og:image:width\" content=\"2422\" \/>\n\t<meta property=\"og:image:height\" content=\"1016\" \/>\n<meta name=\"twitter:card\" content=\"summary_large_image\" \/>\n<script type=\"application\/ld+json\" class=\"yoast-schema-graph\">{\"@context\":\"https:\/\/schema.org\",\"@graph\":[{\"@type\":\"WebSite\",\"@id\":\"https:\/\/www.keradur.fi\/#website\",\"url\":\"https:\/\/www.keradur.fi\/\",\"name\":\"Keradur\",\"description\":\"Laadukasta siivouspalvelua vuodesta 1995\",\"potentialAction\":[{\"@type\":\"SearchAction\",\"target\":\"https:\/\/www.keradur.fi\/?s={search_term_string}\",\"query-input\":\"required name=search_term_string\"}],\"inLanguage\":\"sv-SE\"},{\"@type\":\"ImageObject\",\"@id\":\"https:\/\/www.keradur.fi\/sv\/tillaggstjanster-och-produkter\/#primaryimage\",\"inLanguage\":\"sv-SE\",\"url\":\"https:\/\/www.keradur.fi\/app\/uploads\/2019\/02\/lisapalvelut_hero-1.jpg\",\"contentUrl\":\"https:\/\/www.keradur.fi\/app\/uploads\/2019\/02\/lisapalvelut_hero-1.jpg\",\"width\":2422,\"height\":1016},{\"@type\":\"WebPage\",\"@id\":\"https:\/\/www.keradur.fi\/sv\/tillaggstjanster-och-produkter\/#webpage\",\"url\":\"https:\/\/www.keradur.fi\/sv\/tillaggstjanster-och-produkter\/\",\"name\":\"Till\\u00e4ggstj\\u00e4nster och produkter - Keradur\",\"isPartOf\":{\"@id\":\"https:\/\/www.keradur.fi\/#website\"},\"primaryImageOfPage\":{\"@id\":\"https:\/\/www.keradur.fi\/sv\/tillaggstjanster-och-produkter\/#primaryimage\"},\"datePublished\":\"2019-01-21T13:16:59+00:00\",\"dateModified\":\"2024-03-15T09:14:08+00:00\",\"description\":\"V\\u00e5ra m\\u00e5ngsidiga proffs med sin utrustning st\\u00e5r till din tj\\u00e4nst f\\u00f6r all st\\u00e4dning \\u2013 allt fr\\u00e5n enskilda tillst\\u00e4llningar till \\u00e5rlig service, flyttning eller \\u00f6verraskande behov.\",\"breadcrumb\":{\"@id\":\"https:\/\/www.keradur.fi\/sv\/tillaggstjanster-och-produkter\/#breadcrumb\"},\"inLanguage\":\"sv-SE\",\"potentialAction\":[{\"@type\":\"ReadAction\",\"target\":[\"https:\/\/www.keradur.fi\/sv\/tillaggstjanster-och-produkter\/\"]}]},{\"@type\":\"BreadcrumbList\",\"@id\":\"https:\/\/www.keradur.fi\/sv\/tillaggstjanster-och-produkter\/#breadcrumb\",\"itemListElement\":[{\"@type\":\"ListItem\",\"position\":1,\"item\":{\"@type\":\"WebPage\",\"@id\":\"https:\/\/www.keradur.fi\/sv\/\",\"url\":\"https:\/\/www.keradur.fi\/sv\/\",\"name\":\"Home\"}},{\"@type\":\"ListItem\",\"position\":2,\"item\":{\"@type\":\"WebPage\",\"@id\":\"https:\/\/www.keradur.fi\/sv\/tillaggstjanster-och-produkter\/\",\"url\":\"https:\/\/www.keradur.fi\/sv\/tillaggstjanster-och-produkter\/\",\"name\":\"Till\\u00e4ggstj\\u00e4nster och produkter\"}}]}]}<\/script>\n<!-- \/ Yoast SEO Premium plugin. -->","_links":{"self":[{"href":"https:\/\/www.keradur.fi\/sv\/wp-json\/wp\/v2\/pages\/1174","targetHints":{"allow":["GET"]}}],"collection":[{"href":"https:\/\/www.keradur.fi\/sv\/wp-json\/wp\/v2\/pages"}],"about":[{"href":"https:\/\/www.keradur.fi\/sv\/wp-json\/wp\/v2\/types\/page"}],"author":[{"embeddable":true,"href":"https:\/\/www.keradur.fi\/sv\/wp-json\/wp\/v2\/users\/1"}],"replies":[{"embeddable":true,"href":"https:\/\/www.keradur.fi\/sv\/wp-json\/wp\/v2\/comments?post=1174"}],"version-history":[{"count":5,"href":"https:\/\/www.keradur.fi\/sv\/wp-json\/wp\/v2\/pages\/1174\/revisions"}],"predecessor-version":[{"id":73355,"href":"https:\/\/www.keradur.fi\/sv\/wp-json\/wp\/v2\/pages\/1174\/revisions\/73355"}],"wp:attachment":[{"href":"https:\/\/www.keradur.fi\/sv\/wp-json\/wp\/v2\/media?parent=1174"}],"curies":[{"name":"wp","href":"https:\/\/api.w.org\/{rel}","templated":true}]}}