{"id":1170,"date":"2019-01-28T10:34:31","date_gmt":"2019-01-28T08:34:31","guid":{"rendered":"https:\/\/www.keradur.fi\/yritys\/"},"modified":"2019-04-17T12:14:07","modified_gmt":"2019-04-17T09:14:07","slug":"foretag","status":"publish","type":"page","link":"https:\/\/www.keradur.fi\/sv\/foretag\/","title":{"rendered":"F\u00f6retag"},"content":{"rendered":"","protected":false},"excerpt":{"rendered":"","protected":false},"author":1,"featured_media":0,"parent":0,"menu_order":0,"comment_status":"closed","ping_status":"closed","template":"","meta":{"_acf_changed":false,"footnotes":""},"class_list":["post-1170","page","type-page","status-publish","hentry"],"acf":[],"yoast_head":"<!-- This site is optimized with the Yoast SEO Premium plugin v16.1 - https:\/\/yoast.com\/wordpress\/plugins\/seo\/ -->\n<title>Keradur | Vi f\u00f6rlitar oss p\u00e5 v\u00e5ra engagerade medarbetare<\/title>\n<meta name=\"description\" content=\"Bakom v\u00e5r framg\u00e5ng ligger en stark investering i medarbetarnas v\u00e4lbefinnande, vilket \u00e5terspeglas personalens motivation.\" \/>\n<link rel=\"canonical\" href=\"https:\/\/www.keradur.fi\/sv\/foretag\/\" \/>\n<meta property=\"og:locale\" content=\"sv_SE\" \/>\n<meta property=\"og:type\" content=\"article\" \/>\n<meta property=\"og:title\" content=\"Keradur | Vi f\u00f6rlitar oss p\u00e5 v\u00e5ra engagerade medarbetare\" \/>\n<meta property=\"og:description\" content=\"Bakom v\u00e5r framg\u00e5ng ligger en stark investering i medarbetarnas v\u00e4lbefinnande, vilket \u00e5terspeglas personalens motivation.\" \/>\n<meta property=\"og:url\" content=\"https:\/\/www.keradur.fi\/sv\/foretag\/\" \/>\n<meta property=\"og:site_name\" content=\"Keradur\" \/>\n<meta property=\"article:modified_time\" content=\"2019-04-17T09:14:07+00:00\" \/>\n<meta property=\"og:image\" content=\"https:\/\/www.keradur.fi\/app\/uploads\/2019\/02\/yritys_hero.jpg\" \/>\n\t<meta property=\"og:image:width\" content=\"2422\" \/>\n\t<meta property=\"og:image:height\" content=\"1016\" \/>\n<meta name=\"twitter:card\" content=\"summary_large_image\" \/>\n<script type=\"application\/ld+json\" class=\"yoast-schema-graph\">{\"@context\":\"https:\/\/schema.org\",\"@graph\":[{\"@type\":\"WebSite\",\"@id\":\"https:\/\/www.keradur.fi\/#website\",\"url\":\"https:\/\/www.keradur.fi\/\",\"name\":\"Keradur\",\"description\":\"Laadukasta siivouspalvelua vuodesta 1995\",\"potentialAction\":[{\"@type\":\"SearchAction\",\"target\":\"https:\/\/www.keradur.fi\/?s={search_term_string}\",\"query-input\":\"required name=search_term_string\"}],\"inLanguage\":\"sv-SE\"},{\"@type\":\"ImageObject\",\"@id\":\"https:\/\/www.keradur.fi\/sv\/foretag\/#primaryimage\",\"inLanguage\":\"sv-SE\",\"url\":\"https:\/\/www.keradur.fi\/app\/uploads\/2019\/02\/yritys_hero.jpg\",\"contentUrl\":\"https:\/\/www.keradur.fi\/app\/uploads\/2019\/02\/yritys_hero.jpg\",\"width\":2422,\"height\":1016},{\"@type\":\"WebPage\",\"@id\":\"https:\/\/www.keradur.fi\/sv\/foretag\/#webpage\",\"url\":\"https:\/\/www.keradur.fi\/sv\/foretag\/\",\"name\":\"Keradur | Vi f\\u00f6rlitar oss p\\u00e5 v\\u00e5ra engagerade medarbetare\",\"isPartOf\":{\"@id\":\"https:\/\/www.keradur.fi\/#website\"},\"primaryImageOfPage\":{\"@id\":\"https:\/\/www.keradur.fi\/sv\/foretag\/#primaryimage\"},\"datePublished\":\"2019-01-28T08:34:31+00:00\",\"dateModified\":\"2019-04-17T09:14:07+00:00\",\"description\":\"Bakom v\\u00e5r framg\\u00e5ng ligger en stark investering i medarbetarnas v\\u00e4lbefinnande, vilket \\u00e5terspeglas personalens motivation.\",\"breadcrumb\":{\"@id\":\"https:\/\/www.keradur.fi\/sv\/foretag\/#breadcrumb\"},\"inLanguage\":\"sv-SE\",\"potentialAction\":[{\"@type\":\"ReadAction\",\"target\":[\"https:\/\/www.keradur.fi\/sv\/foretag\/\"]}]},{\"@type\":\"BreadcrumbList\",\"@id\":\"https:\/\/www.keradur.fi\/sv\/foretag\/#breadcrumb\",\"itemListElement\":[{\"@type\":\"ListItem\",\"position\":1,\"item\":{\"@type\":\"WebPage\",\"@id\":\"https:\/\/www.keradur.fi\/sv\/\",\"url\":\"https:\/\/www.keradur.fi\/sv\/\",\"name\":\"Home\"}},{\"@type\":\"ListItem\",\"position\":2,\"item\":{\"@type\":\"WebPage\",\"@id\":\"https:\/\/www.keradur.fi\/sv\/foretag\/\",\"url\":\"https:\/\/www.keradur.fi\/sv\/foretag\/\",\"name\":\"F\\u00f6retag\"}}]}]}<\/script>\n<!-- \/ Yoast SEO Premium plugin. -->","_links":{"self":[{"href":"https:\/\/www.keradur.fi\/sv\/wp-json\/wp\/v2\/pages\/1170","targetHints":{"allow":["GET"]}}],"collection":[{"href":"https:\/\/www.keradur.fi\/sv\/wp-json\/wp\/v2\/pages"}],"about":[{"href":"https:\/\/www.keradur.fi\/sv\/wp-json\/wp\/v2\/types\/page"}],"author":[{"embeddable":true,"href":"https:\/\/www.keradur.fi\/sv\/wp-json\/wp\/v2\/users\/1"}],"replies":[{"embeddable":true,"href":"https:\/\/www.keradur.fi\/sv\/wp-json\/wp\/v2\/comments?post=1170"}],"version-history":[{"count":2,"href":"https:\/\/www.keradur.fi\/sv\/wp-json\/wp\/v2\/pages\/1170\/revisions"}],"predecessor-version":[{"id":1172,"href":"https:\/\/www.keradur.fi\/sv\/wp-json\/wp\/v2\/pages\/1170\/revisions\/1172"}],"wp:attachment":[{"href":"https:\/\/www.keradur.fi\/sv\/wp-json\/wp\/v2\/media?parent=1170"}],"curies":[{"name":"wp","href":"https:\/\/api.w.org\/{rel}","templated":true}]}}