{"id":1167,"date":"2019-01-15T13:14:03","date_gmt":"2019-01-15T11:14:03","guid":{"rendered":"https:\/\/www.keradur.fi\/esimerkkisivu\/"},"modified":"2024-03-15T11:10:44","modified_gmt":"2024-03-15T09:10:44","slug":"esimerkkisivu","status":"publish","type":"page","link":"https:\/\/www.keradur.fi\/sv\/","title":{"rendered":"F\u00f6rsta sidan"},"content":{"rendered":"","protected":false},"excerpt":{"rendered":"","protected":false},"author":1,"featured_media":0,"parent":0,"menu_order":0,"comment_status":"closed","ping_status":"open","template":"","meta":{"_acf_changed":false,"footnotes":""},"class_list":["post-1167","page","type-page","status-publish","hentry"],"acf":[],"yoast_head":"<!-- This site is optimized with the Yoast SEO Premium plugin v16.1 - https:\/\/yoast.com\/wordpress\/plugins\/seo\/ -->\n<title>Keradur | H\u00f6gkvalitativa st\u00e4dtj\u00e4nster sedan 1995<\/title>\n<meta name=\"description\" content=\"En bra st\u00e4dtj\u00e4nst bidrar till att utveckla aff\u00e4rsverksamheten och skapa utrymme f\u00f6r tillv\u00e4xt. Vi f\u00f6rlitar oss p\u00e5 v\u00e5ra engagerade medarbetare, l\u00e5ngvariga anst\u00e4llnings- och kundrelationer samt personlig service.\" \/>\n<link rel=\"canonical\" href=\"https:\/\/www.keradur.fi\/sv\/\" \/>\n<meta property=\"og:locale\" content=\"sv_SE\" \/>\n<meta property=\"og:type\" content=\"article\" \/>\n<meta property=\"og:title\" content=\"Keradur | Laadukasta siivouspalvelua vuodesta 1995\" \/>\n<meta property=\"og:description\" content=\"En bra st\u00e4dtj\u00e4nst bidrar till att utveckla aff\u00e4rsverksamheten och skapa utrymme f\u00f6r tillv\u00e4xt. Vi f\u00f6rlitar oss p\u00e5 v\u00e5ra engagerade medarbetare, l\u00e5ngvariga anst\u00e4llnings- och kundrelationer samt personlig service.\" \/>\n<meta property=\"og:url\" content=\"https:\/\/www.keradur.fi\/sv\/\" \/>\n<meta property=\"og:site_name\" content=\"Keradur\" \/>\n<meta property=\"article:modified_time\" content=\"2024-03-15T09:10:44+00:00\" \/>\n<meta property=\"og:image\" content=\"https:\/\/www.keradur.fi\/app\/uploads\/2019\/02\/hero_prisma.jpg\" \/>\n\t<meta property=\"og:image:width\" content=\"2445\" \/>\n\t<meta property=\"og:image:height\" content=\"1499\" \/>\n<meta name=\"twitter:card\" content=\"summary_large_image\" \/>\n<script type=\"application\/ld+json\" class=\"yoast-schema-graph\">{\"@context\":\"https:\/\/schema.org\",\"@graph\":[{\"@type\":\"WebSite\",\"@id\":\"https:\/\/www.keradur.fi\/#website\",\"url\":\"https:\/\/www.keradur.fi\/\",\"name\":\"Keradur\",\"description\":\"Laadukasta siivouspalvelua vuodesta 1995\",\"potentialAction\":[{\"@type\":\"SearchAction\",\"target\":\"https:\/\/www.keradur.fi\/?s={search_term_string}\",\"query-input\":\"required name=search_term_string\"}],\"inLanguage\":\"sv-SE\"},{\"@type\":\"ImageObject\",\"@id\":\"https:\/\/www.keradur.fi\/sv\/#primaryimage\",\"inLanguage\":\"sv-SE\",\"url\":\"https:\/\/www.keradur.fi\/app\/uploads\/2019\/02\/hero_prisma.jpg\",\"contentUrl\":\"https:\/\/www.keradur.fi\/app\/uploads\/2019\/02\/hero_prisma.jpg\",\"width\":2445,\"height\":1499},{\"@type\":\"WebPage\",\"@id\":\"https:\/\/www.keradur.fi\/sv\/#webpage\",\"url\":\"https:\/\/www.keradur.fi\/sv\/\",\"name\":\"Keradur | H\\u00f6gkvalitativa st\\u00e4dtj\\u00e4nster sedan 1995\",\"isPartOf\":{\"@id\":\"https:\/\/www.keradur.fi\/#website\"},\"primaryImageOfPage\":{\"@id\":\"https:\/\/www.keradur.fi\/sv\/#primaryimage\"},\"datePublished\":\"2019-01-15T11:14:03+00:00\",\"dateModified\":\"2024-03-15T09:10:44+00:00\",\"description\":\"En bra st\\u00e4dtj\\u00e4nst bidrar till att utveckla aff\\u00e4rsverksamheten och skapa utrymme f\\u00f6r tillv\\u00e4xt. Vi f\\u00f6rlitar oss p\\u00e5 v\\u00e5ra engagerade medarbetare, l\\u00e5ngvariga anst\\u00e4llnings- och kundrelationer samt personlig service.\",\"breadcrumb\":{\"@id\":\"https:\/\/www.keradur.fi\/sv\/#breadcrumb\"},\"inLanguage\":\"sv-SE\",\"potentialAction\":[{\"@type\":\"ReadAction\",\"target\":[\"https:\/\/www.keradur.fi\/sv\/\"]}]},{\"@type\":\"BreadcrumbList\",\"@id\":\"https:\/\/www.keradur.fi\/sv\/#breadcrumb\",\"itemListElement\":[{\"@type\":\"ListItem\",\"position\":1,\"item\":{\"@type\":\"WebPage\",\"@id\":\"https:\/\/www.keradur.fi\/sv\/\",\"url\":\"https:\/\/www.keradur.fi\/sv\/\",\"name\":\"Home\"}},{\"@type\":\"ListItem\",\"position\":2,\"item\":{\"@type\":\"WebPage\",\"@id\":\"https:\/\/www.keradur.fi\/sv\/\",\"url\":\"https:\/\/www.keradur.fi\/sv\/\",\"name\":\"F\\u00f6rsta sidan\"}}]}]}<\/script>\n<!-- \/ Yoast SEO Premium plugin. -->","_links":{"self":[{"href":"https:\/\/www.keradur.fi\/sv\/wp-json\/wp\/v2\/pages\/1167","targetHints":{"allow":["GET"]}}],"collection":[{"href":"https:\/\/www.keradur.fi\/sv\/wp-json\/wp\/v2\/pages"}],"about":[{"href":"https:\/\/www.keradur.fi\/sv\/wp-json\/wp\/v2\/types\/page"}],"author":[{"embeddable":true,"href":"https:\/\/www.keradur.fi\/sv\/wp-json\/wp\/v2\/users\/1"}],"replies":[{"embeddable":true,"href":"https:\/\/www.keradur.fi\/sv\/wp-json\/wp\/v2\/comments?post=1167"}],"version-history":[{"count":5,"href":"https:\/\/www.keradur.fi\/sv\/wp-json\/wp\/v2\/pages\/1167\/revisions"}],"predecessor-version":[{"id":73353,"href":"https:\/\/www.keradur.fi\/sv\/wp-json\/wp\/v2\/pages\/1167\/revisions\/73353"}],"wp:attachment":[{"href":"https:\/\/www.keradur.fi\/sv\/wp-json\/wp\/v2\/media?parent=1167"}],"curies":[{"name":"wp","href":"https:\/\/api.w.org\/{rel}","templated":true}]}}