{"id":45549,"date":"2020-08-11T09:52:29","date_gmt":"2020-08-11T06:52:29","guid":{"rendered":"https:\/\/www.keradur.fi\/home-cleaning\/company\/usein-kysyttya\/"},"modified":"2022-10-20T16:06:04","modified_gmt":"2022-10-20T13:06:04","slug":"faq","status":"publish","type":"page","link":"https:\/\/www.keradur.fi\/en\/home-cleaning\/company\/faq\/","title":{"rendered":"FAQ"},"content":{"rendered":"","protected":false},"excerpt":{"rendered":"","protected":false},"author":12,"featured_media":0,"parent":45495,"menu_order":0,"comment_status":"closed","ping_status":"closed","template":"","meta":{"_acf_changed":false,"footnotes":""},"class_list":["post-45549","page","type-page","status-publish","hentry"],"acf":[],"yoast_head":"<!-- This site is optimized with the Yoast SEO Premium plugin v16.1 - https:\/\/yoast.com\/wordpress\/plugins\/seo\/ -->\n<title>Usein kysytty\u00e4 | Vastaukset yleisimpiin kysymyksiin | Keradur kotisiivous<\/title>\n<meta name=\"description\" content=\"Olemme koonneet alle listan usein kysytyist\u00e4 kysymyksist\u00e4. Mik\u00e4li et l\u00f6yd\u00e4 vastausta sinua askarruttavaan kysymykseen, ota rohkeasti yhteytt\u00e4.\" \/>\n<link rel=\"canonical\" href=\"https:\/\/www.keradur.fi\/en\/home-cleaning\/company\/faq\/\" \/>\n<meta property=\"og:locale\" content=\"en_US\" \/>\n<meta property=\"og:type\" content=\"article\" \/>\n<meta property=\"og:title\" content=\"Usein kysytty\u00e4 | Vastaukset yleisimpiin kysymyksiin | Keradur kotisiivous\" \/>\n<meta property=\"og:description\" content=\"Olemme koonneet alle listan usein kysytyist\u00e4 kysymyksist\u00e4. Mik\u00e4li et l\u00f6yd\u00e4 vastausta sinua askarruttavaan kysymykseen, ota rohkeasti yhteytt\u00e4.\" \/>\n<meta property=\"og:url\" content=\"https:\/\/www.keradur.fi\/en\/home-cleaning\/company\/faq\/\" \/>\n<meta property=\"og:site_name\" content=\"Keradur\" \/>\n<meta property=\"article:modified_time\" content=\"2022-10-20T13:06:04+00:00\" \/>\n<meta property=\"og:image\" content=\"https:\/\/www.keradur.fi\/app\/uploads\/2019\/02\/taloyhtiot_hero.jpg\" \/>\n\t<meta property=\"og:image:width\" content=\"2422\" \/>\n\t<meta property=\"og:image:height\" content=\"1016\" \/>\n<meta name=\"twitter:card\" content=\"summary_large_image\" \/>\n<script type=\"application\/ld+json\" class=\"yoast-schema-graph\">{\"@context\":\"https:\/\/schema.org\",\"@graph\":[{\"@type\":\"WebSite\",\"@id\":\"https:\/\/www.keradur.fi\/#website\",\"url\":\"https:\/\/www.keradur.fi\/\",\"name\":\"Keradur\",\"description\":\"Laadukasta siivouspalvelua vuodesta 1995\",\"potentialAction\":[{\"@type\":\"SearchAction\",\"target\":\"https:\/\/www.keradur.fi\/?s={search_term_string}\",\"query-input\":\"required name=search_term_string\"}],\"inLanguage\":\"en-US\"},{\"@type\":\"ImageObject\",\"@id\":\"https:\/\/www.keradur.fi\/en\/home-cleaning\/company\/faq\/#primaryimage\",\"inLanguage\":\"en-US\",\"url\":\"https:\/\/www.keradur.fi\/app\/uploads\/2019\/02\/taloyhtiot_hero.jpg\",\"contentUrl\":\"https:\/\/www.keradur.fi\/app\/uploads\/2019\/02\/taloyhtiot_hero.jpg\",\"width\":2422,\"height\":1016},{\"@type\":\"WebPage\",\"@id\":\"https:\/\/www.keradur.fi\/en\/home-cleaning\/company\/faq\/#webpage\",\"url\":\"https:\/\/www.keradur.fi\/en\/home-cleaning\/company\/faq\/\",\"name\":\"Usein kysytty\\u00e4 | Vastaukset yleisimpiin kysymyksiin | Keradur kotisiivous\",\"isPartOf\":{\"@id\":\"https:\/\/www.keradur.fi\/#website\"},\"primaryImageOfPage\":{\"@id\":\"https:\/\/www.keradur.fi\/en\/home-cleaning\/company\/faq\/#primaryimage\"},\"datePublished\":\"2020-08-11T06:52:29+00:00\",\"dateModified\":\"2022-10-20T13:06:04+00:00\",\"description\":\"Olemme koonneet alle listan usein kysytyist\\u00e4 kysymyksist\\u00e4. Mik\\u00e4li et l\\u00f6yd\\u00e4 vastausta sinua askarruttavaan kysymykseen, ota rohkeasti yhteytt\\u00e4.\",\"breadcrumb\":{\"@id\":\"https:\/\/www.keradur.fi\/en\/home-cleaning\/company\/faq\/#breadcrumb\"},\"inLanguage\":\"en-US\",\"potentialAction\":[{\"@type\":\"ReadAction\",\"target\":[\"https:\/\/www.keradur.fi\/en\/home-cleaning\/company\/faq\/\"]}]},{\"@type\":\"BreadcrumbList\",\"@id\":\"https:\/\/www.keradur.fi\/en\/home-cleaning\/company\/faq\/#breadcrumb\",\"itemListElement\":[{\"@type\":\"ListItem\",\"position\":1,\"item\":{\"@type\":\"WebPage\",\"@id\":\"https:\/\/www.keradur.fi\/en\/\",\"url\":\"https:\/\/www.keradur.fi\/en\/\",\"name\":\"Home\"}},{\"@type\":\"ListItem\",\"position\":2,\"item\":{\"@type\":\"WebPage\",\"@id\":\"https:\/\/www.keradur.fi\/en\/home-cleaning\/\",\"url\":\"https:\/\/www.keradur.fi\/en\/home-cleaning\/\",\"name\":\"Home cleaning\"}},{\"@type\":\"ListItem\",\"position\":3,\"item\":{\"@type\":\"WebPage\",\"@id\":\"https:\/\/www.keradur.fi\/en\/home-cleaning\/company\/\",\"url\":\"https:\/\/www.keradur.fi\/en\/home-cleaning\/company\/\",\"name\":\"Company\"}},{\"@type\":\"ListItem\",\"position\":4,\"item\":{\"@type\":\"WebPage\",\"@id\":\"https:\/\/www.keradur.fi\/en\/home-cleaning\/company\/faq\/\",\"url\":\"https:\/\/www.keradur.fi\/en\/home-cleaning\/company\/faq\/\",\"name\":\"FAQ\"}}]}]}<\/script>\n<!-- \/ Yoast SEO Premium plugin. -->","_links":{"self":[{"href":"https:\/\/www.keradur.fi\/en\/wp-json\/wp\/v2\/pages\/45549","targetHints":{"allow":["GET"]}}],"collection":[{"href":"https:\/\/www.keradur.fi\/en\/wp-json\/wp\/v2\/pages"}],"about":[{"href":"https:\/\/www.keradur.fi\/en\/wp-json\/wp\/v2\/types\/page"}],"author":[{"embeddable":true,"href":"https:\/\/www.keradur.fi\/en\/wp-json\/wp\/v2\/users\/12"}],"replies":[{"embeddable":true,"href":"https:\/\/www.keradur.fi\/en\/wp-json\/wp\/v2\/comments?post=45549"}],"version-history":[{"count":2,"href":"https:\/\/www.keradur.fi\/en\/wp-json\/wp\/v2\/pages\/45549\/revisions"}],"predecessor-version":[{"id":45551,"href":"https:\/\/www.keradur.fi\/en\/wp-json\/wp\/v2\/pages\/45549\/revisions\/45551"}],"up":[{"embeddable":true,"href":"https:\/\/www.keradur.fi\/en\/wp-json\/wp\/v2\/pages\/45495"}],"wp:attachment":[{"href":"https:\/\/www.keradur.fi\/en\/wp-json\/wp\/v2\/media?parent=45549"}],"curies":[{"name":"wp","href":"https:\/\/api.w.org\/{rel}","templated":true}]}}