{"id":45537,"date":"2020-08-11T09:52:01","date_gmt":"2020-08-11T06:52:01","guid":{"rendered":"https:\/\/www.keradur.fi\/home-cleaning\/housing-companies-and-blocks\/taloyhtion-siivous\/"},"modified":"2022-10-20T15:27:04","modified_gmt":"2022-10-20T12:27:04","slug":"cleaning-for-housing-companies","status":"publish","type":"page","link":"https:\/\/www.keradur.fi\/en\/home-cleaning\/housing-companies-and-blocks\/cleaning-for-housing-companies\/","title":{"rendered":"Cleaning for housing companies"},"content":{"rendered":"","protected":false},"excerpt":{"rendered":"","protected":false},"author":12,"featured_media":0,"parent":45530,"menu_order":0,"comment_status":"closed","ping_status":"closed","template":"","meta":{"_acf_changed":false,"footnotes":""},"class_list":["post-45537","page","type-page","status-publish","hentry"],"acf":[],"yoast_head":"<!-- This site is optimized with the Yoast SEO Premium plugin v16.1 - https:\/\/yoast.com\/wordpress\/plugins\/seo\/ -->\n<title>Taloyhti\u00f6iden siivous | Vakituinen siivouspartio | Keradur kotisiivous<\/title>\n<meta name=\"description\" content=\"Taloyhti\u00f6si oma vakituinen siivouspartio pit\u00e4\u00e4 asukkaiden kodit ja ymp\u00e4rist\u00f6n viihtyisin\u00e4. Omat vakituiset siivoojat tuntevat taloyhti\u00f6n tarpeet.\" \/>\n<link rel=\"canonical\" href=\"https:\/\/www.keradur.fi\/en\/home-cleaning\/housing-companies-and-blocks\/cleaning-for-housing-companies\/\" \/>\n<meta property=\"og:locale\" content=\"en_US\" \/>\n<meta property=\"og:type\" content=\"article\" \/>\n<meta property=\"og:title\" content=\"Taloyhti\u00f6iden siivous | Vakituinen siivouspartio | Keradur kotisiivous\" \/>\n<meta property=\"og:description\" content=\"Taloyhti\u00f6si oma vakituinen siivouspartio pit\u00e4\u00e4 asukkaiden kodit ja ymp\u00e4rist\u00f6n viihtyisin\u00e4. Omat vakituiset siivoojat tuntevat taloyhti\u00f6n tarpeet.\" \/>\n<meta property=\"og:url\" content=\"https:\/\/www.keradur.fi\/en\/home-cleaning\/housing-companies-and-blocks\/cleaning-for-housing-companies\/\" \/>\n<meta property=\"og:site_name\" content=\"Keradur\" \/>\n<meta property=\"article:modified_time\" content=\"2022-10-20T12:27:04+00:00\" \/>\n<meta property=\"og:image\" content=\"https:\/\/www.keradur.fi\/app\/uploads\/2019\/02\/taloyhtiot_hero.jpg\" \/>\n\t<meta property=\"og:image:width\" content=\"2422\" \/>\n\t<meta property=\"og:image:height\" content=\"1016\" \/>\n<meta name=\"twitter:card\" content=\"summary_large_image\" \/>\n<script type=\"application\/ld+json\" class=\"yoast-schema-graph\">{\"@context\":\"https:\/\/schema.org\",\"@graph\":[{\"@type\":\"WebSite\",\"@id\":\"https:\/\/www.keradur.fi\/#website\",\"url\":\"https:\/\/www.keradur.fi\/\",\"name\":\"Keradur\",\"description\":\"Laadukasta siivouspalvelua vuodesta 1995\",\"potentialAction\":[{\"@type\":\"SearchAction\",\"target\":\"https:\/\/www.keradur.fi\/?s={search_term_string}\",\"query-input\":\"required name=search_term_string\"}],\"inLanguage\":\"en-US\"},{\"@type\":\"ImageObject\",\"@id\":\"https:\/\/www.keradur.fi\/en\/home-cleaning\/housing-companies-and-blocks\/cleaning-for-housing-companies\/#primaryimage\",\"inLanguage\":\"en-US\",\"url\":\"https:\/\/www.keradur.fi\/app\/uploads\/2019\/02\/taloyhtiot_hero.jpg\",\"contentUrl\":\"https:\/\/www.keradur.fi\/app\/uploads\/2019\/02\/taloyhtiot_hero.jpg\",\"width\":2422,\"height\":1016},{\"@type\":\"WebPage\",\"@id\":\"https:\/\/www.keradur.fi\/en\/home-cleaning\/housing-companies-and-blocks\/cleaning-for-housing-companies\/#webpage\",\"url\":\"https:\/\/www.keradur.fi\/en\/home-cleaning\/housing-companies-and-blocks\/cleaning-for-housing-companies\/\",\"name\":\"Taloyhti\\u00f6iden siivous | Vakituinen siivouspartio | Keradur kotisiivous\",\"isPartOf\":{\"@id\":\"https:\/\/www.keradur.fi\/#website\"},\"primaryImageOfPage\":{\"@id\":\"https:\/\/www.keradur.fi\/en\/home-cleaning\/housing-companies-and-blocks\/cleaning-for-housing-companies\/#primaryimage\"},\"datePublished\":\"2020-08-11T06:52:01+00:00\",\"dateModified\":\"2022-10-20T12:27:04+00:00\",\"description\":\"Taloyhti\\u00f6si oma vakituinen siivouspartio pit\\u00e4\\u00e4 asukkaiden kodit ja ymp\\u00e4rist\\u00f6n viihtyisin\\u00e4. Omat vakituiset siivoojat tuntevat taloyhti\\u00f6n tarpeet.\",\"breadcrumb\":{\"@id\":\"https:\/\/www.keradur.fi\/en\/home-cleaning\/housing-companies-and-blocks\/cleaning-for-housing-companies\/#breadcrumb\"},\"inLanguage\":\"en-US\",\"potentialAction\":[{\"@type\":\"ReadAction\",\"target\":[\"https:\/\/www.keradur.fi\/en\/home-cleaning\/housing-companies-and-blocks\/cleaning-for-housing-companies\/\"]}]},{\"@type\":\"BreadcrumbList\",\"@id\":\"https:\/\/www.keradur.fi\/en\/home-cleaning\/housing-companies-and-blocks\/cleaning-for-housing-companies\/#breadcrumb\",\"itemListElement\":[{\"@type\":\"ListItem\",\"position\":1,\"item\":{\"@type\":\"WebPage\",\"@id\":\"https:\/\/www.keradur.fi\/en\/\",\"url\":\"https:\/\/www.keradur.fi\/en\/\",\"name\":\"Home\"}},{\"@type\":\"ListItem\",\"position\":2,\"item\":{\"@type\":\"WebPage\",\"@id\":\"https:\/\/www.keradur.fi\/en\/home-cleaning\/\",\"url\":\"https:\/\/www.keradur.fi\/en\/home-cleaning\/\",\"name\":\"Home cleaning\"}},{\"@type\":\"ListItem\",\"position\":3,\"item\":{\"@type\":\"WebPage\",\"@id\":\"https:\/\/www.keradur.fi\/en\/home-cleaning\/housing-companies-and-blocks\/\",\"url\":\"https:\/\/www.keradur.fi\/en\/home-cleaning\/housing-companies-and-blocks\/\",\"name\":\"Housing companies and blocks\"}},{\"@type\":\"ListItem\",\"position\":4,\"item\":{\"@type\":\"WebPage\",\"@id\":\"https:\/\/www.keradur.fi\/en\/home-cleaning\/housing-companies-and-blocks\/cleaning-for-housing-companies\/\",\"url\":\"https:\/\/www.keradur.fi\/en\/home-cleaning\/housing-companies-and-blocks\/cleaning-for-housing-companies\/\",\"name\":\"Cleaning for housing companies\"}}]}]}<\/script>\n<!-- \/ Yoast SEO Premium plugin. -->","_links":{"self":[{"href":"https:\/\/www.keradur.fi\/en\/wp-json\/wp\/v2\/pages\/45537","targetHints":{"allow":["GET"]}}],"collection":[{"href":"https:\/\/www.keradur.fi\/en\/wp-json\/wp\/v2\/pages"}],"about":[{"href":"https:\/\/www.keradur.fi\/en\/wp-json\/wp\/v2\/types\/page"}],"author":[{"embeddable":true,"href":"https:\/\/www.keradur.fi\/en\/wp-json\/wp\/v2\/users\/12"}],"replies":[{"embeddable":true,"href":"https:\/\/www.keradur.fi\/en\/wp-json\/wp\/v2\/comments?post=45537"}],"version-history":[{"count":2,"href":"https:\/\/www.keradur.fi\/en\/wp-json\/wp\/v2\/pages\/45537\/revisions"}],"predecessor-version":[{"id":45539,"href":"https:\/\/www.keradur.fi\/en\/wp-json\/wp\/v2\/pages\/45537\/revisions\/45539"}],"up":[{"embeddable":true,"href":"https:\/\/www.keradur.fi\/en\/wp-json\/wp\/v2\/pages\/45530"}],"wp:attachment":[{"href":"https:\/\/www.keradur.fi\/en\/wp-json\/wp\/v2\/media?parent=45537"}],"curies":[{"name":"wp","href":"https:\/\/api.w.org\/{rel}","templated":true}]}}