{"id":45511,"date":"2020-08-11T09:51:45","date_gmt":"2020-08-11T06:51:45","guid":{"rendered":"https:\/\/www.keradur.fi\/home-cleaning\/services\/koti-jarjestykseen\/"},"modified":"2022-10-20T14:57:09","modified_gmt":"2022-10-20T11:57:09","slug":"home-in-order","status":"publish","type":"page","link":"https:\/\/www.keradur.fi\/en\/home-cleaning\/services\/home-in-order\/","title":{"rendered":"Home in order"},"content":{"rendered":"","protected":false},"excerpt":{"rendered":"","protected":false},"author":12,"featured_media":0,"parent":45446,"menu_order":0,"comment_status":"closed","ping_status":"closed","template":"","meta":{"_acf_changed":false,"footnotes":""},"class_list":["post-45511","page","type-page","status-publish","hentry"],"acf":[],"yoast_head":"<!-- This site is optimized with the Yoast SEO Premium plugin v16.1 - https:\/\/yoast.com\/wordpress\/plugins\/seo\/ -->\n<title>Koti j\u00e4rjestykseen | Kodin j\u00e4rjestelypalvelut | Keradur kotisiivous<\/title>\n<meta name=\"description\" content=\"Keradur kotisiivous auttaa kodin j\u00e4rjestelyiss\u00e4, kuten huonekalujen ja tavaroiden siirt\u00e4misess\u00e4 sek\u00e4 tarvittaessa tavaroiden ja tilojen puhdistuksessa.\" \/>\n<link rel=\"canonical\" href=\"https:\/\/www.keradur.fi\/en\/home-cleaning\/services\/home-in-order\/\" \/>\n<meta property=\"og:locale\" content=\"en_US\" \/>\n<meta property=\"og:type\" content=\"article\" \/>\n<meta property=\"og:title\" content=\"Koti j\u00e4rjestykseen | Kodin j\u00e4rjestelypalvelut | Keradur kotisiivous\" \/>\n<meta property=\"og:description\" content=\"Keradur kotisiivous auttaa kodin j\u00e4rjestelyiss\u00e4, kuten huonekalujen ja tavaroiden siirt\u00e4misess\u00e4 sek\u00e4 tarvittaessa tavaroiden ja tilojen puhdistuksessa.\" \/>\n<meta property=\"og:url\" content=\"https:\/\/www.keradur.fi\/en\/home-cleaning\/services\/home-in-order\/\" \/>\n<meta property=\"og:site_name\" content=\"Keradur\" \/>\n<meta property=\"article:modified_time\" content=\"2022-10-20T11:57:09+00:00\" \/>\n<meta property=\"og:image\" content=\"https:\/\/www.keradur.fi\/app\/uploads\/2019\/02\/taloyhtiot_hero.jpg\" \/>\n\t<meta property=\"og:image:width\" content=\"2422\" \/>\n\t<meta property=\"og:image:height\" content=\"1016\" \/>\n<meta name=\"twitter:card\" content=\"summary_large_image\" \/>\n<script type=\"application\/ld+json\" class=\"yoast-schema-graph\">{\"@context\":\"https:\/\/schema.org\",\"@graph\":[{\"@type\":\"WebSite\",\"@id\":\"https:\/\/www.keradur.fi\/#website\",\"url\":\"https:\/\/www.keradur.fi\/\",\"name\":\"Keradur\",\"description\":\"Laadukasta siivouspalvelua vuodesta 1995\",\"potentialAction\":[{\"@type\":\"SearchAction\",\"target\":\"https:\/\/www.keradur.fi\/?s={search_term_string}\",\"query-input\":\"required name=search_term_string\"}],\"inLanguage\":\"en-US\"},{\"@type\":\"ImageObject\",\"@id\":\"https:\/\/www.keradur.fi\/en\/home-cleaning\/services\/home-in-order\/#primaryimage\",\"inLanguage\":\"en-US\",\"url\":\"https:\/\/www.keradur.fi\/app\/uploads\/2019\/02\/taloyhtiot_hero.jpg\",\"contentUrl\":\"https:\/\/www.keradur.fi\/app\/uploads\/2019\/02\/taloyhtiot_hero.jpg\",\"width\":2422,\"height\":1016},{\"@type\":\"WebPage\",\"@id\":\"https:\/\/www.keradur.fi\/en\/home-cleaning\/services\/home-in-order\/#webpage\",\"url\":\"https:\/\/www.keradur.fi\/en\/home-cleaning\/services\/home-in-order\/\",\"name\":\"Koti j\\u00e4rjestykseen | Kodin j\\u00e4rjestelypalvelut | Keradur kotisiivous\",\"isPartOf\":{\"@id\":\"https:\/\/www.keradur.fi\/#website\"},\"primaryImageOfPage\":{\"@id\":\"https:\/\/www.keradur.fi\/en\/home-cleaning\/services\/home-in-order\/#primaryimage\"},\"datePublished\":\"2020-08-11T06:51:45+00:00\",\"dateModified\":\"2022-10-20T11:57:09+00:00\",\"description\":\"Keradur kotisiivous auttaa kodin j\\u00e4rjestelyiss\\u00e4, kuten huonekalujen ja tavaroiden siirt\\u00e4misess\\u00e4 sek\\u00e4 tarvittaessa tavaroiden ja tilojen puhdistuksessa.\",\"breadcrumb\":{\"@id\":\"https:\/\/www.keradur.fi\/en\/home-cleaning\/services\/home-in-order\/#breadcrumb\"},\"inLanguage\":\"en-US\",\"potentialAction\":[{\"@type\":\"ReadAction\",\"target\":[\"https:\/\/www.keradur.fi\/en\/home-cleaning\/services\/home-in-order\/\"]}]},{\"@type\":\"BreadcrumbList\",\"@id\":\"https:\/\/www.keradur.fi\/en\/home-cleaning\/services\/home-in-order\/#breadcrumb\",\"itemListElement\":[{\"@type\":\"ListItem\",\"position\":1,\"item\":{\"@type\":\"WebPage\",\"@id\":\"https:\/\/www.keradur.fi\/en\/\",\"url\":\"https:\/\/www.keradur.fi\/en\/\",\"name\":\"Home\"}},{\"@type\":\"ListItem\",\"position\":2,\"item\":{\"@type\":\"WebPage\",\"@id\":\"https:\/\/www.keradur.fi\/en\/home-cleaning\/\",\"url\":\"https:\/\/www.keradur.fi\/en\/home-cleaning\/\",\"name\":\"Home cleaning\"}},{\"@type\":\"ListItem\",\"position\":3,\"item\":{\"@type\":\"WebPage\",\"@id\":\"https:\/\/www.keradur.fi\/en\/home-cleaning\/services\/\",\"url\":\"https:\/\/www.keradur.fi\/en\/home-cleaning\/services\/\",\"name\":\"Services\"}},{\"@type\":\"ListItem\",\"position\":4,\"item\":{\"@type\":\"WebPage\",\"@id\":\"https:\/\/www.keradur.fi\/en\/home-cleaning\/services\/home-in-order\/\",\"url\":\"https:\/\/www.keradur.fi\/en\/home-cleaning\/services\/home-in-order\/\",\"name\":\"Home in order\"}}]}]}<\/script>\n<!-- \/ Yoast SEO Premium plugin. -->","_links":{"self":[{"href":"https:\/\/www.keradur.fi\/en\/wp-json\/wp\/v2\/pages\/45511","targetHints":{"allow":["GET"]}}],"collection":[{"href":"https:\/\/www.keradur.fi\/en\/wp-json\/wp\/v2\/pages"}],"about":[{"href":"https:\/\/www.keradur.fi\/en\/wp-json\/wp\/v2\/types\/page"}],"author":[{"embeddable":true,"href":"https:\/\/www.keradur.fi\/en\/wp-json\/wp\/v2\/users\/12"}],"replies":[{"embeddable":true,"href":"https:\/\/www.keradur.fi\/en\/wp-json\/wp\/v2\/comments?post=45511"}],"version-history":[{"count":2,"href":"https:\/\/www.keradur.fi\/en\/wp-json\/wp\/v2\/pages\/45511\/revisions"}],"predecessor-version":[{"id":45513,"href":"https:\/\/www.keradur.fi\/en\/wp-json\/wp\/v2\/pages\/45511\/revisions\/45513"}],"up":[{"embeddable":true,"href":"https:\/\/www.keradur.fi\/en\/wp-json\/wp\/v2\/pages\/45446"}],"wp:attachment":[{"href":"https:\/\/www.keradur.fi\/en\/wp-json\/wp\/v2\/media?parent=45511"}],"curies":[{"name":"wp","href":"https:\/\/api.w.org\/{rel}","templated":true}]}}