{"id":45495,"date":"2020-08-07T12:57:06","date_gmt":"2020-08-07T09:57:06","guid":{"rendered":"https:\/\/www.keradur.fi\/home-cleaning\/yritys\/"},"modified":"2022-10-20T14:29:11","modified_gmt":"2022-10-20T11:29:11","slug":"company","status":"publish","type":"page","link":"https:\/\/www.keradur.fi\/en\/home-cleaning\/company\/","title":{"rendered":"Company"},"content":{"rendered":"","protected":false},"excerpt":{"rendered":"","protected":false},"author":12,"featured_media":0,"parent":45443,"menu_order":0,"comment_status":"closed","ping_status":"closed","template":"","meta":{"_acf_changed":false,"footnotes":""},"class_list":["post-45495","page","type-page","status-publish","hentry"],"acf":[],"yoast_head":"<!-- This site is optimized with the Yoast SEO Premium plugin v16.1 - https:\/\/yoast.com\/wordpress\/plugins\/seo\/ -->\n<title>Yritys | Keradur kotisiivous | Siivouspalvelua jo vuodesta 1995<\/title>\n<meta name=\"description\" content=\"Keradurin toiminta k\u00e4ynnistyi kasvavaan tarpeeseen jo 90-luvulla. Olemme kasvaneet siit\u00e4 asti taitavan ja sitoutuneen ty\u00f6voiman kautta.\" \/>\n<link rel=\"canonical\" href=\"https:\/\/www.keradur.fi\/en\/home-cleaning\/company\/\" \/>\n<meta property=\"og:locale\" content=\"en_US\" \/>\n<meta property=\"og:type\" content=\"article\" \/>\n<meta property=\"og:title\" content=\"Yritys | Keradur kotisiivous | Siivouspalvelua jo vuodesta 1995\" \/>\n<meta property=\"og:description\" content=\"Keradurin toiminta k\u00e4ynnistyi kasvavaan tarpeeseen jo 90-luvulla. Olemme kasvaneet siit\u00e4 asti taitavan ja sitoutuneen ty\u00f6voiman kautta.\" \/>\n<meta property=\"og:url\" content=\"https:\/\/www.keradur.fi\/en\/home-cleaning\/company\/\" \/>\n<meta property=\"og:site_name\" content=\"Keradur\" \/>\n<meta property=\"article:modified_time\" content=\"2022-10-20T11:29:11+00:00\" \/>\n<meta name=\"twitter:card\" content=\"summary_large_image\" \/>\n<script type=\"application\/ld+json\" class=\"yoast-schema-graph\">{\"@context\":\"https:\/\/schema.org\",\"@graph\":[{\"@type\":\"WebSite\",\"@id\":\"https:\/\/www.keradur.fi\/#website\",\"url\":\"https:\/\/www.keradur.fi\/\",\"name\":\"Keradur\",\"description\":\"Laadukasta siivouspalvelua vuodesta 1995\",\"potentialAction\":[{\"@type\":\"SearchAction\",\"target\":\"https:\/\/www.keradur.fi\/?s={search_term_string}\",\"query-input\":\"required name=search_term_string\"}],\"inLanguage\":\"en-US\"},{\"@type\":\"WebPage\",\"@id\":\"https:\/\/www.keradur.fi\/en\/home-cleaning\/company\/#webpage\",\"url\":\"https:\/\/www.keradur.fi\/en\/home-cleaning\/company\/\",\"name\":\"Yritys | Keradur kotisiivous | Siivouspalvelua jo vuodesta 1995\",\"isPartOf\":{\"@id\":\"https:\/\/www.keradur.fi\/#website\"},\"datePublished\":\"2020-08-07T09:57:06+00:00\",\"dateModified\":\"2022-10-20T11:29:11+00:00\",\"description\":\"Keradurin toiminta k\\u00e4ynnistyi kasvavaan tarpeeseen jo 90-luvulla. Olemme kasvaneet siit\\u00e4 asti taitavan ja sitoutuneen ty\\u00f6voiman kautta.\",\"breadcrumb\":{\"@id\":\"https:\/\/www.keradur.fi\/en\/home-cleaning\/company\/#breadcrumb\"},\"inLanguage\":\"en-US\",\"potentialAction\":[{\"@type\":\"ReadAction\",\"target\":[\"https:\/\/www.keradur.fi\/en\/home-cleaning\/company\/\"]}]},{\"@type\":\"BreadcrumbList\",\"@id\":\"https:\/\/www.keradur.fi\/en\/home-cleaning\/company\/#breadcrumb\",\"itemListElement\":[{\"@type\":\"ListItem\",\"position\":1,\"item\":{\"@type\":\"WebPage\",\"@id\":\"https:\/\/www.keradur.fi\/en\/\",\"url\":\"https:\/\/www.keradur.fi\/en\/\",\"name\":\"Home\"}},{\"@type\":\"ListItem\",\"position\":2,\"item\":{\"@type\":\"WebPage\",\"@id\":\"https:\/\/www.keradur.fi\/en\/home-cleaning\/\",\"url\":\"https:\/\/www.keradur.fi\/en\/home-cleaning\/\",\"name\":\"Home cleaning\"}},{\"@type\":\"ListItem\",\"position\":3,\"item\":{\"@type\":\"WebPage\",\"@id\":\"https:\/\/www.keradur.fi\/en\/home-cleaning\/company\/\",\"url\":\"https:\/\/www.keradur.fi\/en\/home-cleaning\/company\/\",\"name\":\"Company\"}}]}]}<\/script>\n<!-- \/ Yoast SEO Premium plugin. -->","_links":{"self":[{"href":"https:\/\/www.keradur.fi\/en\/wp-json\/wp\/v2\/pages\/45495","targetHints":{"allow":["GET"]}}],"collection":[{"href":"https:\/\/www.keradur.fi\/en\/wp-json\/wp\/v2\/pages"}],"about":[{"href":"https:\/\/www.keradur.fi\/en\/wp-json\/wp\/v2\/types\/page"}],"author":[{"embeddable":true,"href":"https:\/\/www.keradur.fi\/en\/wp-json\/wp\/v2\/users\/12"}],"replies":[{"embeddable":true,"href":"https:\/\/www.keradur.fi\/en\/wp-json\/wp\/v2\/comments?post=45495"}],"version-history":[{"count":2,"href":"https:\/\/www.keradur.fi\/en\/wp-json\/wp\/v2\/pages\/45495\/revisions"}],"predecessor-version":[{"id":45497,"href":"https:\/\/www.keradur.fi\/en\/wp-json\/wp\/v2\/pages\/45495\/revisions\/45497"}],"up":[{"embeddable":true,"href":"https:\/\/www.keradur.fi\/en\/wp-json\/wp\/v2\/pages\/45443"}],"wp:attachment":[{"href":"https:\/\/www.keradur.fi\/en\/wp-json\/wp\/v2\/media?parent=45495"}],"curies":[{"name":"wp","href":"https:\/\/api.w.org\/{rel}","templated":true}]}}